{"id":615,"date":"2018-03-24T19:57:41","date_gmt":"2018-03-24T18:57:41","guid":{"rendered":"http:\/\/xn--wunderschn-mcb.info\/?page_id=615"},"modified":"2025-04-13T20:09:09","modified_gmt":"2025-04-13T18:09:09","slug":"micro-needling","status":"publish","type":"page","link":"https:\/\/xn--wunderschn-mcb.info\/?page_id=615","title":{"rendered":"Micro Needling"},"content":{"rendered":"<div id=\"pl-615\"  class=\"panel-layout\" ><div id=\"pg-615-0\"  class=\"panel-grid panel-has-style\" ><div style=\"padding: 75px 0; \" data-overlay=\"true\" class=\"panel-row-style panel-row-style-for-615-0\" ><div id=\"pgc-615-0-0\"  class=\"panel-grid-cell panel-grid-cell-empty\" ><\/div><div id=\"pgc-615-0-1\"  class=\"panel-grid-cell panel-grid-cell-mobile-last\" ><div id=\"panel-615-0-1-0\" class=\"so-panel widget widget_sow-editor panel-first-child panel-last-child\" data-index=\"0\" ><div style=\"text-align: left;\" data-title-color=\"#443f3f\" data-headings-color=\"#443f3f\" class=\"panel-widget-style panel-widget-style-for-615-0-1-0\" ><div\n\t\t\t\n\t\t\tclass=\"so-widget-sow-editor so-widget-sow-editor-base\"\n\t\t\t\n\t\t><h3 class=\"widget-title\">Micro Needling<\/h3>\n<div class=\"siteorigin-widget-tinymce textwidget\">\n\t<h6 style=\"text-align: center;\">Hautregeneration durch Stimulation!<\/h6>\n<p style=\"text-align: center;\">Die <strong>Micro Needling<\/strong> Behandlung ist eine spezielle Methode, die Neuproduktion von Kollagen und Elastin sowie die Aussch\u00fcttung von Hyalurons\u00e4ure zu aktivieren. Die Hautstruktur wird durch den nat\u00fcrlichen Prozess der Heilung und Regeneration gest\u00e4rkt und gefestigt. Die sensationellen, schnell sichtbaren sowie sp\u00fcrbaren Ergebnisse sprechen f\u00fcr sich. Sie werden begeistert sein!<\/p>\n<p style=\"text-align: center;\"><img data-attachment-id=\"618\" data-permalink=\"https:\/\/xn--wunderschn-mcb.info\/?attachment_id=618\" data-orig-file=\"https:\/\/xn--wunderschn-mcb.info\/wp-content\/uploads\/2018\/03\/Banner_Produkte_Micro_needling_1170x420px.jpg\" data-orig-size=\"1170,420\" data-comments-opened=\"0\" data-image-meta=\"{&quot;aperture&quot;:&quot;0&quot;,&quot;credit&quot;:&quot;&quot;,&quot;camera&quot;:&quot;&quot;,&quot;caption&quot;:&quot;&quot;,&quot;created_timestamp&quot;:&quot;0&quot;,&quot;copyright&quot;:&quot;&quot;,&quot;focal_length&quot;:&quot;0&quot;,&quot;iso&quot;:&quot;0&quot;,&quot;shutter_speed&quot;:&quot;0&quot;,&quot;title&quot;:&quot;&quot;,&quot;orientation&quot;:&quot;1&quot;}\" data-image-title=\"Banner_Produkte_Micro_needling_1170x420px\" data-image-description=\"\" data-image-caption=\"\" data-medium-file=\"https:\/\/xn--wunderschn-mcb.info\/wp-content\/uploads\/2018\/03\/Banner_Produkte_Micro_needling_1170x420px-300x108.jpg\" data-large-file=\"https:\/\/xn--wunderschn-mcb.info\/wp-content\/uploads\/2018\/03\/Banner_Produkte_Micro_needling_1170x420px-1024x368.jpg\" loading=\"lazy\" decoding=\"async\" class=\"aligncenter wp-image-618 size-large\" src=\"https:\/\/xn--wunderschn-mcb.info\/wp-content\/uploads\/2018\/03\/Banner_Produkte_Micro_needling_1170x420px-1024x368.jpg\" alt=\"\" width=\"1024\" height=\"368\" srcset=\"https:\/\/xn--wunderschn-mcb.info\/wp-content\/uploads\/2018\/03\/Banner_Produkte_Micro_needling_1170x420px-1024x368.jpg 1024w, https:\/\/xn--wunderschn-mcb.info\/wp-content\/uploads\/2018\/03\/Banner_Produkte_Micro_needling_1170x420px-300x108.jpg 300w, https:\/\/xn--wunderschn-mcb.info\/wp-content\/uploads\/2018\/03\/Banner_Produkte_Micro_needling_1170x420px-830x298.jpg 830w, https:\/\/xn--wunderschn-mcb.info\/wp-content\/uploads\/2018\/03\/Banner_Produkte_Micro_needling_1170x420px-230x83.jpg 230w, https:\/\/xn--wunderschn-mcb.info\/wp-content\/uploads\/2018\/03\/Banner_Produkte_Micro_needling_1170x420px-350x126.jpg 350w, https:\/\/xn--wunderschn-mcb.info\/wp-content\/uploads\/2018\/03\/Banner_Produkte_Micro_needling_1170x420px.jpg 1170w\" sizes=\"auto, (max-width: 1024px) 100vw, 1024px\" \/><\/p>\n<h6 style=\"text-align: center;\">Was kann ich mit der Behandlung erreichen?<\/h6>\n<p style=\"text-align: center;\">Durch die effektive Behandlung mit dem <strong>Micro Needling<\/strong> Pen k\u00f6nnen folgende Ergebnisse erzielt werden:<\/p>\n<p style=\"text-align: center;\"><strong>\u2022 Verminderung von Falten und Linien<\/strong><br \/>\n<strong>\u2022 Hautverj\u00fcngung<\/strong><br \/>\n<strong>\u2022 Regeneration atrophischer Haut<\/strong><br \/>\n<strong>\u2022 Minimierung von Narben verschiedener Art<\/strong><br \/>\n<strong>\u2022 Reduktion von Dehnungs- und Schwangerschaftsstreifen<\/strong><br \/>\n<strong>\u2022 Aufhellung von Pigmentst\u00f6rungen<\/strong><br \/>\n<strong>\u2022 Porenverkleinerung und Verfeinerung des Hautbildes<\/strong><\/p>\n<h6 style=\"text-align: center;\">Was passiert w\u00e4hrend der Behandlung?<\/h6>\n<p style=\"text-align: center;\">Das <strong>Micro Needling<\/strong> mittels Needling Pen ist ein sehr erfolgreiches Verfahren im Bereich der Anti-Aging- und Problemhaut-Behandlungen. Durch die gezielte Perforation der Haut setzen die Zellen unmittelbar nach der Anwendung Wachstumsfaktoren frei, welche die Produktion von Kollagen und Elastin sowie die Aussch\u00fcttung von Hyalurons\u00e4ure stimulieren. Auch die Mikrozirkulation wird erheblich gesteigert, was zu einer erh\u00f6hten Aufnahmef\u00e4higkeit von aufgetragenen Wirkstoffen und somit zu einem deutlich verbesserten Hautergebnis f\u00fchrt.<\/p>\n<p style=\"text-align: center;\">Die nicht-ablative Hautverj\u00fcngungs-Technik erm\u00f6glicht es, die Haut an Gesicht, Augen, Lippen, Hals, Dekollet\u00e9, K\u00f6rper und H\u00e4nden zu verbessern und zu festigen. Ebenso k\u00f6nnen Narben, Pigmentst\u00f6rungen und Dehnungsstreifen erfolgreich reduziert werden. Mit dem Needling Pen kann man die Nadell\u00e4nge f\u00fcr jeden Behandlungsbereich individuell einstellen und auch in verschiedenen Geschwindigkeitsstufen arbeiten. Die Haut ist nach dieser Behandlung besonders aufnahmebereit f\u00fcr entsprechende Wirkstoffkosmetik.<\/p>\n<p style=\"text-align: center;\"><img data-attachment-id=\"633\" data-permalink=\"https:\/\/xn--wunderschn-mcb.info\/?attachment_id=633\" data-orig-file=\"https:\/\/xn--wunderschn-mcb.info\/wp-content\/uploads\/2018\/03\/micro-needling-pen-mit-Aufsatz.jpg\" data-orig-size=\"1000,331\" data-comments-opened=\"0\" data-image-meta=\"{&quot;aperture&quot;:&quot;0&quot;,&quot;credit&quot;:&quot;&quot;,&quot;camera&quot;:&quot;&quot;,&quot;caption&quot;:&quot;&quot;,&quot;created_timestamp&quot;:&quot;0&quot;,&quot;copyright&quot;:&quot;&quot;,&quot;focal_length&quot;:&quot;0&quot;,&quot;iso&quot;:&quot;0&quot;,&quot;shutter_speed&quot;:&quot;0&quot;,&quot;title&quot;:&quot;&quot;,&quot;orientation&quot;:&quot;0&quot;}\" data-image-title=\"micro-needling-pen-mit-Aufsatz\" data-image-description=\"\" data-image-caption=\"\" data-medium-file=\"https:\/\/xn--wunderschn-mcb.info\/wp-content\/uploads\/2018\/03\/micro-needling-pen-mit-Aufsatz-300x99.jpg\" data-large-file=\"https:\/\/xn--wunderschn-mcb.info\/wp-content\/uploads\/2018\/03\/micro-needling-pen-mit-Aufsatz.jpg\" loading=\"lazy\" decoding=\"async\" class=\"aligncenter size-full wp-image-633\" src=\"https:\/\/xn--wunderschn-mcb.info\/wp-content\/uploads\/2018\/03\/micro-needling-pen-mit-Aufsatz.jpg\" alt=\"micro-needling-pen-mit-Aufsatz\" width=\"1000\" height=\"331\" srcset=\"https:\/\/xn--wunderschn-mcb.info\/wp-content\/uploads\/2018\/03\/micro-needling-pen-mit-Aufsatz.jpg 1000w, https:\/\/xn--wunderschn-mcb.info\/wp-content\/uploads\/2018\/03\/micro-needling-pen-mit-Aufsatz-300x99.jpg 300w, https:\/\/xn--wunderschn-mcb.info\/wp-content\/uploads\/2018\/03\/micro-needling-pen-mit-Aufsatz-830x275.jpg 830w, https:\/\/xn--wunderschn-mcb.info\/wp-content\/uploads\/2018\/03\/micro-needling-pen-mit-Aufsatz-230x76.jpg 230w, https:\/\/xn--wunderschn-mcb.info\/wp-content\/uploads\/2018\/03\/micro-needling-pen-mit-Aufsatz-350x116.jpg 350w\" sizes=\"auto, (max-width: 1000px) 100vw, 1000px\" \/><\/p>\n<h6 style=\"text-align: center;\">Was bewirkt Micro Needling?<\/h6>\n<p style=\"text-align: center;\">Die Behandlungsmethode hat die folgenden Auswirkungen auf die Haut:<\/p>\n<p style=\"text-align: center;\"><strong>1. Durch die mikrofeine Perforation der Haut wird deren Regenerationsprozess angeregt, was in der Folge eine vermehrte Produktion von Kollagen und Elastin sowie Aussch\u00fcttung von Hyalurons\u00e4ure bedeutet. Das Hautgewebe wird dadurch fester und straffer.<\/strong><\/p>\n<p style=\"text-align: center;\"><strong>2. Die optimaleVersorgung der Haut mit hocheffektiven Wirkstoffen.<\/strong><\/p>\n<p style=\"text-align: center;\">Das besondere am Micro Needling ist, dass wir mit diesem minimal-invasiven Verfahren in der Lage sind, vergleichbare Ergebnisse zu erzielen, die sonst nur durch operative Eingriffe m\u00f6glich sind. Auch die Wirksamkeit der eingesetzten Wirkstoffe ist durch die mikrofeine Perforation der Haut deutlich erh\u00f6ht. Das Hautbild kann durch Micro Needling in Verbindung mit leistungsstarken Wirkstoffen sicht- und sp\u00fcrbar verbessert werden.<\/p>\n<p style=\"text-align: center;\"><em><strong>Sie haben Interesse an einem pers\u00f6nlichen Beratungsgespr\u00e4ch oder einer Micro Needling Behandlung? Gerne vereinbare ich mit Ihnen einen Termin, damit Sie die neuesten dermazeutischen Behandlungsmethoden kennenlernen, mit denen wir revolution\u00e4re und nachhaltige Resultate erzielen k\u00f6nnen. Ich freue mich auf Ihren Anruf!<\/strong><\/em><\/p>\n<p style=\"text-align: center;\">\n<\/div>\n<\/div><\/div><\/div><\/div><div id=\"pgc-615-0-2\"  class=\"panel-grid-cell panel-grid-cell-empty\" ><\/div><\/div><\/div><\/div>","protected":false},"excerpt":{"rendered":"<p>Hautregeneration durch Stimulation! Die Micro Needling Behandlung ist eine spezielle Methode, die Neuproduktion von Kollagen und Elastin sowie die Aussch\u00fcttung von Hyalurons\u00e4ure [&hellip;]<\/p>\n","protected":false},"author":1,"featured_media":0,"parent":0,"menu_order":0,"comment_status":"closed","ping_status":"closed","template":"page-templates\/page_front-page.php","meta":{"footnotes":""},"class_list":["post-615","page","type-page","status-publish","hentry"],"jetpack_shortlink":"https:\/\/wp.me\/P6UnmH-9V","jetpack_sharing_enabled":true,"_links":{"self":[{"href":"https:\/\/xn--wunderschn-mcb.info\/index.php?rest_route=\/wp\/v2\/pages\/615","targetHints":{"allow":["GET"]}}],"collection":[{"href":"https:\/\/xn--wunderschn-mcb.info\/index.php?rest_route=\/wp\/v2\/pages"}],"about":[{"href":"https:\/\/xn--wunderschn-mcb.info\/index.php?rest_route=\/wp\/v2\/types\/page"}],"author":[{"embeddable":true,"href":"https:\/\/xn--wunderschn-mcb.info\/index.php?rest_route=\/wp\/v2\/users\/1"}],"replies":[{"embeddable":true,"href":"https:\/\/xn--wunderschn-mcb.info\/index.php?rest_route=%2Fwp%2Fv2%2Fcomments&post=615"}],"version-history":[{"count":17,"href":"https:\/\/xn--wunderschn-mcb.info\/index.php?rest_route=\/wp\/v2\/pages\/615\/revisions"}],"predecessor-version":[{"id":1190,"href":"https:\/\/xn--wunderschn-mcb.info\/index.php?rest_route=\/wp\/v2\/pages\/615\/revisions\/1190"}],"wp:attachment":[{"href":"https:\/\/xn--wunderschn-mcb.info\/index.php?rest_route=%2Fwp%2Fv2%2Fmedia&parent=615"}],"curies":[{"name":"wp","href":"https:\/\/api.w.org\/{rel}","templated":true}]}}