{"id":585,"date":"2018-03-24T16:17:13","date_gmt":"2018-03-24T15:17:13","guid":{"rendered":"http:\/\/xn--wunderschn-mcb.info\/?page_id=585"},"modified":"2025-04-13T20:07:41","modified_gmt":"2025-04-13T18:07:41","slug":"coldplasma","status":"publish","type":"page","link":"https:\/\/xn--wunderschn-mcb.info\/?page_id=585","title":{"rendered":"coldPLASMA"},"content":{"rendered":"<div id=\"pl-585\"  class=\"panel-layout\" ><div id=\"pg-585-0\"  class=\"panel-grid panel-has-style\" ><div style=\"padding: 75px 0; \" data-overlay=\"true\" class=\"panel-row-style panel-row-style-for-585-0\" ><div id=\"pgc-585-0-0\"  class=\"panel-grid-cell panel-grid-cell-empty\" ><\/div><div id=\"pgc-585-0-1\"  class=\"panel-grid-cell panel-grid-cell-mobile-last\" ><div id=\"panel-585-0-1-0\" class=\"so-panel widget widget_sow-editor panel-first-child panel-last-child\" data-index=\"0\" ><div style=\"text-align: left;\" data-title-color=\"#443f3f\" data-headings-color=\"#443f3f\" class=\"panel-widget-style panel-widget-style-for-585-0-1-0\" ><div\n\t\t\t\n\t\t\tclass=\"so-widget-sow-editor so-widget-sow-editor-base\"\n\t\t\t\n\t\t><h3 class=\"widget-title\">coldPLASMA<\/h3>\n<div class=\"siteorigin-widget-tinymce textwidget\">\n\t<h6 style=\"text-align: center;\">Bahnbrechende Erfolge in der Medizin \u2013 jetzt auch in der Kosmetik!<\/h6>\n<p style=\"text-align: center;\">Als Ihr innovatives Kosmetikinstitut bin ich f\u00fcr Sie immer auf der Suche nach den neuesten und effektivsten Behandlungsmethoden.\u00a0Die absolut schmerzfreie <strong>coldPLASMA<\/strong> Behandlung ist eine revolution\u00e4re Methode, um ein breites Spektrum von Hautproblemen rasch und zuverl\u00e4ssig zu behandeln. Maximale Behandlungserfolge, die bisher nur durch medizinische Anwendungen erreicht wurden, sind jetzt auch in meinem Kosmetikinstitut m\u00f6glich!\u00a0<span class=\"beschreibung\">Kaltes Plasma ist seit einigen Jahren medizinisch erforscht und wird insbesondere erfolgreich eingesetzt, um die Wundheilung zu beschleunigen oder Keimbildung und Entz\u00fcndungen zu reduzieren. Diese bahnbrechenden Erfolge sind durch Wirksamkeits-Studien belegt.<\/span><\/p>\n<p style=\"text-align: center;\"><img data-attachment-id=\"587\" data-permalink=\"https:\/\/xn--wunderschn-mcb.info\/?attachment_id=587\" data-orig-file=\"https:\/\/xn--wunderschn-mcb.info\/wp-content\/uploads\/2018\/03\/Banner_CNC_coldPLASMA.png\" data-orig-size=\"1170,420\" data-comments-opened=\"0\" data-image-meta=\"{&quot;aperture&quot;:&quot;0&quot;,&quot;credit&quot;:&quot;&quot;,&quot;camera&quot;:&quot;&quot;,&quot;caption&quot;:&quot;&quot;,&quot;created_timestamp&quot;:&quot;0&quot;,&quot;copyright&quot;:&quot;&quot;,&quot;focal_length&quot;:&quot;0&quot;,&quot;iso&quot;:&quot;0&quot;,&quot;shutter_speed&quot;:&quot;0&quot;,&quot;title&quot;:&quot;&quot;,&quot;orientation&quot;:&quot;0&quot;}\" data-image-title=\"Banner_CNC_coldPLASMA\" data-image-description=\"\" data-image-caption=\"\" data-medium-file=\"https:\/\/xn--wunderschn-mcb.info\/wp-content\/uploads\/2018\/03\/Banner_CNC_coldPLASMA-300x108.png\" data-large-file=\"https:\/\/xn--wunderschn-mcb.info\/wp-content\/uploads\/2018\/03\/Banner_CNC_coldPLASMA-1024x368.png\" loading=\"lazy\" decoding=\"async\" class=\"aligncenter size-large wp-image-587\" src=\"https:\/\/xn--wunderschn-mcb.info\/wp-content\/uploads\/2018\/03\/Banner_CNC_coldPLASMA-1024x368.png\" alt=\"Banner_CNC_coldPLASMA\" width=\"1024\" height=\"368\" srcset=\"https:\/\/xn--wunderschn-mcb.info\/wp-content\/uploads\/2018\/03\/Banner_CNC_coldPLASMA-1024x368.png 1024w, https:\/\/xn--wunderschn-mcb.info\/wp-content\/uploads\/2018\/03\/Banner_CNC_coldPLASMA-300x108.png 300w, https:\/\/xn--wunderschn-mcb.info\/wp-content\/uploads\/2018\/03\/Banner_CNC_coldPLASMA-830x298.png 830w, https:\/\/xn--wunderschn-mcb.info\/wp-content\/uploads\/2018\/03\/Banner_CNC_coldPLASMA-230x83.png 230w, https:\/\/xn--wunderschn-mcb.info\/wp-content\/uploads\/2018\/03\/Banner_CNC_coldPLASMA-350x126.png 350w, https:\/\/xn--wunderschn-mcb.info\/wp-content\/uploads\/2018\/03\/Banner_CNC_coldPLASMA.png 1170w\" sizes=\"auto, (max-width: 1024px) 100vw, 1024px\" \/><\/p>\n<h6 style=\"text-align: center;\">Was kann ich mit der Behandlung erreichen?<\/h6>\n<p style=\"text-align: center;\">Durch die <strong>coldPLASMA<\/strong> Behandlung k\u00f6nnen folgende Ergebnisse erzielt werden:<\/p>\n<p style=\"text-align: center;\">\u2022 <strong>Hautverj\u00fcngung<\/strong><br \/>\n\u2022 <strong>Reduzierung von Unreinheiten<\/strong><br \/>\n\u2022 <strong>Wundregeneration<\/strong><br \/>\n\u2022 <strong>Minimierung von Couperose<\/strong><br \/>\n\u2022 <strong>Aufhellung von Pigmentst\u00f6rungen<\/strong><br \/>\n\u2022 <strong>Reduktion von Cellulite<\/strong><br \/>\n\u2022 <strong>Hautreinigung<\/strong><\/p>\n<p style=\"text-align: center;\">Die Behandlungsmethode hat folgende Auswirkungen auf die Haut:<\/p>\n<p style=\"text-align: center;\"><strong>1. Wirkstoffe k\u00f6nnen viel tiefer in das Gewebe eindringen und intensiver wirken.<\/strong><br \/>\n<strong>2. Das Gewebe wird entschlackt und entgiftet.<\/strong><br \/>\n<strong>3. Der Stoffwechsel und die Mikrozirkulation werden deutlich gesteigert.<\/strong><br \/>\n<strong>4. Wirkt gegen Entz\u00fcndungen und somit auch schmerzlindernd.<\/strong><br \/>\n<strong>5. Bewirkt eine nahezu 99,9%ige Keimreduktion von Bakterien, Viren und Pilzen.<\/strong><\/p>\n<h6 style=\"text-align: center;\">Was ist kaltes Plasma?<\/h6>\n<p style=\"text-align: center;\">Im Alltag kennen wir die drei Aggregatzust\u00e4nde \u201efest, fl\u00fcssig und gasf\u00f6rmig\u201c. Der vierte Aggregatzustand ist das Plasma. Der Unterschied der einzelnen Aggregatzust\u00e4nde liegt in der Menge der ihnen zugef\u00fchrten Energie. Ein einfaches Beispiel: Eis wird erhitzt und verfl\u00fcssigt sich zu Wasser. Wird das Wasser weiter erhitzt, verdampft es und wird zu Gas. Wird das Gas weiter erhitzt, wird es zu kaltem Plasma - ein hochenergetischer Zustand! Das Plasma erzeugt eine ultrahochfrequente Energie, die auf die Haut gerichtet werden kann, ohne sie direkt zu ber\u00fchren.<\/p>\n<p style=\"text-align: center;\"><img data-attachment-id=\"595\" data-permalink=\"https:\/\/xn--wunderschn-mcb.info\/?attachment_id=595\" data-orig-file=\"https:\/\/xn--wunderschn-mcb.info\/wp-content\/uploads\/2018\/03\/coldPLASMA_grafik.png\" data-orig-size=\"1000,649\" data-comments-opened=\"0\" data-image-meta=\"{&quot;aperture&quot;:&quot;0&quot;,&quot;credit&quot;:&quot;&quot;,&quot;camera&quot;:&quot;&quot;,&quot;caption&quot;:&quot;&quot;,&quot;created_timestamp&quot;:&quot;0&quot;,&quot;copyright&quot;:&quot;&quot;,&quot;focal_length&quot;:&quot;0&quot;,&quot;iso&quot;:&quot;0&quot;,&quot;shutter_speed&quot;:&quot;0&quot;,&quot;title&quot;:&quot;&quot;,&quot;orientation&quot;:&quot;0&quot;}\" data-image-title=\"coldPLASMA_grafik\" data-image-description=\"\" data-image-caption=\"\" data-medium-file=\"https:\/\/xn--wunderschn-mcb.info\/wp-content\/uploads\/2018\/03\/coldPLASMA_grafik-300x195.png\" data-large-file=\"https:\/\/xn--wunderschn-mcb.info\/wp-content\/uploads\/2018\/03\/coldPLASMA_grafik.png\" loading=\"lazy\" decoding=\"async\" class=\"aligncenter wp-image-595\" src=\"https:\/\/xn--wunderschn-mcb.info\/wp-content\/uploads\/2018\/03\/coldPLASMA_grafik.png\" alt=\"coldPLASMA_grafik\" width=\"600\" height=\"389\" srcset=\"https:\/\/xn--wunderschn-mcb.info\/wp-content\/uploads\/2018\/03\/coldPLASMA_grafik.png 1000w, https:\/\/xn--wunderschn-mcb.info\/wp-content\/uploads\/2018\/03\/coldPLASMA_grafik-300x195.png 300w, https:\/\/xn--wunderschn-mcb.info\/wp-content\/uploads\/2018\/03\/coldPLASMA_grafik-830x539.png 830w, https:\/\/xn--wunderschn-mcb.info\/wp-content\/uploads\/2018\/03\/coldPLASMA_grafik-230x149.png 230w, https:\/\/xn--wunderschn-mcb.info\/wp-content\/uploads\/2018\/03\/coldPLASMA_grafik-350x227.png 350w\" sizes=\"auto, (max-width: 600px) 100vw, 600px\" \/><\/p>\n<h6 style=\"text-align: center;\">Plasma wirkt auf die Zelle<\/h6>\n<p style=\"text-align: center;\">Da Plasma eine Energie erzeugt, die mit einer deutlich h\u00f6heren Frequenz als Laserlicht schwingt, kommt es zu keiner Wechselwirkung mit den Bestandteilen der Haut, des Bluts oder des Bindegewebes der Haut, wie dies bei der Lasertherapie der Fall ist. Neben der hervorragenden Anti-Aging Wirkung ist kaltes Plasma insbesondere f\u00fcr die entz\u00fcndliche und keimbedingte Problemhaut die ideale Behandlung. Ein weiterer Vorteil von kaltem Plasma ist, dass keine Chemie oder Medikamente zum Einsatz kommen, somit keine Resistenzen gebildet werden. Kalt-Plasma ist frei von Nebenwirkungen und verursacht keine Schmerzen oderAusf\u00e4lle nach der Behandlung.<\/p>\n<h6 style=\"text-align: center;\">Was passiert w\u00e4hrend der Behandlung?<\/h6>\n<p style=\"text-align: center;\">Kaltes Plasma wirkt auf die Haut wie eine sogenannte Elektroporation. Dabei entstehen kleinste Poren bzw. Kan\u00e4lchen in den Zellmembranen und machen diese somit durchl\u00e4ssiger f\u00fcr Substanzen und Wirkstoffe. Durch diese kurzfristig ge\u00f6ffneten Poren k\u00f6nnen Wirkstoffe gezielt und in hoher Menge in die Haut geschleust werden. Diese reichern sich im Gewebe an und k\u00f6nnen wesentlich intensiver wirken. Durch die gesteigerte Mikrozirkulation werden die Zellen und das Gewebe verst\u00e4rkt mit Vitaminen, Mineralien, Enzymen und N\u00e4hrstoffen versorgt, was zu einer erh\u00f6hten Zellaktivit\u00e4t f\u00fchrt und den Regenerationsprozess bei St\u00f6rungen deutlich f\u00f6rdert.<\/p>\n<p style=\"text-align: center;\">Die <strong>coldPLASMA<\/strong> Behandlung ist nicht nur auf der Hautoberfl\u00e4che wirksam, sondern dringt auch durch die Haut ins Gewebe und in die Lymphe, wo sich Sauerstoff freisetzt. Ozon-Sauerstoff neutralisiert freie Radikale, verbindet sich mit Giftstoffen und macht diese unsch\u00e4dlich. Damit unterst\u00fctzt das Ozon \u00e4u\u00dferst wirkungsvoll denAbtransport von Schlacken und Giftstoffen.\u00a0Ozon wirkt besonders intensiv gegen Keime und Erreger aller Art, ohne jedoch gesunde Zellen oder Mikroorganismen anzugreifen. Selbst multiresistente Keime k\u00f6nnen mit kaltem Plasma abget\u00f6tet werden.<\/p>\n<p style=\"text-align: center;\"><strong>Die coldPLASMA Anwendung l\u00e4sst sich in s\u00e4mtliche Behandlungen meines Angebots integrieren.<\/strong><\/p>\n<blockquote>\n<p style=\"text-align: center;\"><em><strong>Sie haben Interesse an einem pers\u00f6nlichen Beratungsgespr\u00e4ch oder einer Behandlung mit coldPLASMA?\u00a0Gerne vereinbare ich mit Ihnen einen Termin, damit Sie die neuesten dermazeutischen Behandlungsmethoden kennenlernen, mit denen wir revolution\u00e4re und nachhaltige Resultate erzielen k\u00f6nnen. Ich freue mich auf Ihren Anruf!<\/strong><\/em><\/p>\n<\/blockquote>\n<p style=\"text-align: center;\">\n<\/div>\n<\/div><\/div><\/div><\/div><div id=\"pgc-585-0-2\"  class=\"panel-grid-cell panel-grid-cell-empty\" ><\/div><\/div><\/div><\/div>","protected":false},"excerpt":{"rendered":"<p>Bahnbrechende Erfolge in der Medizin \u2013 jetzt auch in der Kosmetik! Als Ihr innovatives Kosmetikinstitut bin ich f\u00fcr Sie immer auf der [&hellip;]<\/p>\n","protected":false},"author":1,"featured_media":0,"parent":0,"menu_order":0,"comment_status":"closed","ping_status":"closed","template":"page-templates\/page_front-page.php","meta":{"footnotes":""},"class_list":["post-585","page","type-page","status-publish","hentry"],"jetpack_shortlink":"https:\/\/wp.me\/P6UnmH-9r","jetpack_sharing_enabled":true,"_links":{"self":[{"href":"https:\/\/xn--wunderschn-mcb.info\/index.php?rest_route=\/wp\/v2\/pages\/585","targetHints":{"allow":["GET"]}}],"collection":[{"href":"https:\/\/xn--wunderschn-mcb.info\/index.php?rest_route=\/wp\/v2\/pages"}],"about":[{"href":"https:\/\/xn--wunderschn-mcb.info\/index.php?rest_route=\/wp\/v2\/types\/page"}],"author":[{"embeddable":true,"href":"https:\/\/xn--wunderschn-mcb.info\/index.php?rest_route=\/wp\/v2\/users\/1"}],"replies":[{"embeddable":true,"href":"https:\/\/xn--wunderschn-mcb.info\/index.php?rest_route=%2Fwp%2Fv2%2Fcomments&post=585"}],"version-history":[{"count":25,"href":"https:\/\/xn--wunderschn-mcb.info\/index.php?rest_route=\/wp\/v2\/pages\/585\/revisions"}],"predecessor-version":[{"id":1189,"href":"https:\/\/xn--wunderschn-mcb.info\/index.php?rest_route=\/wp\/v2\/pages\/585\/revisions\/1189"}],"wp:attachment":[{"href":"https:\/\/xn--wunderschn-mcb.info\/index.php?rest_route=%2Fwp%2Fv2%2Fmedia&parent=585"}],"curies":[{"name":"wp","href":"https:\/\/api.w.org\/{rel}","templated":true}]}}