{"id":534,"date":"2017-08-13T19:10:18","date_gmt":"2017-08-13T17:10:18","guid":{"rendered":"http:\/\/xn--wunderschn-mcb.info\/?page_id=534"},"modified":"2025-04-24T16:27:31","modified_gmt":"2025-04-24T14:27:31","slug":"apparative-kosmetik-2","status":"publish","type":"page","link":"https:\/\/xn--wunderschn-mcb.info\/?page_id=534","title":{"rendered":"Apparative Kosmetik"},"content":{"rendered":"<div id=\"pl-534\"  class=\"panel-layout\" ><div id=\"pg-534-0\"  class=\"panel-grid panel-has-style\" ><div style=\"padding: 75px 0; \" data-overlay=\"true\" class=\"panel-row-style panel-row-style-for-534-0\" ><div id=\"pgc-534-0-0\"  class=\"panel-grid-cell panel-grid-cell-empty\" ><\/div><div id=\"pgc-534-0-1\"  class=\"panel-grid-cell panel-grid-cell-mobile-last\" ><div id=\"panel-534-0-1-0\" class=\"so-panel widget widget_sow-editor panel-first-child panel-last-child\" data-index=\"0\" ><div style=\"text-align: left;\" data-title-color=\"#443f3f\" data-headings-color=\"#443f3f\" class=\"panel-widget-style panel-widget-style-for-534-0-1-0\" ><div\n\t\t\t\n\t\t\tclass=\"so-widget-sow-editor so-widget-sow-editor-base\"\n\t\t\t\n\t\t><h3 class=\"widget-title\">Apparative Kosmetik<\/h3>\n<div class=\"siteorigin-widget-tinymce textwidget\">\n\t<p style=\"text-align: center;\">Ich setze bei meinen apparativen Kosmetikbehandlungen die mehrfach pr\u00e4mierten und ausgezeichneten Ger\u00e4te der CNC cosmetic GmbH ein und biete Ihnen <span style=\"text-decoration: underline;\"><strong><a href=\"https:\/\/xn--wunderschn-mcb.info\/?page_id=585\">coldPLASMA<\/a><\/strong><\/span>,\u00a0<span style=\"text-decoration: underline;\"><strong><a href=\"https:\/\/xn--wunderschn-mcb.info\/?page_id=615\">Micro Needling<\/a><\/strong><\/span>, <span style=\"text-decoration: underline;\"><strong><a href=\"https:\/\/xn--wunderschn-mcb.info\/?page_id=500\">Diamant MikroDermabrasion<\/a><\/strong><\/span>\u00a0und\u00a0Ultraschallbehandlungen.<\/p>\n<p style=\"text-align: center;\">Die\u00a0apparative Kosmetik\u00a0ist eine Weiterentwicklung der\u00a0kosmetischen Behandlungen, die sich im Laufe der Zeit einerseits durch wachsende Anforderungen und Anspr\u00fcche, und andererseits durch \u00dcbernahme verschiedener medizintechnischer Verfahren ergeben hat. Eine Vielzahl aus der Medizin \u00fcbernommener Technologien haben gezeigt, dass sich im Rahmen der kosmetischen Verfahren damit durchaus erstaunliche Erfolge erzielen lassen.<\/p>\n<p style=\"text-align: center;\"><img data-attachment-id=\"789\" data-permalink=\"https:\/\/xn--wunderschn-mcb.info\/?attachment_id=789\" data-orig-file=\"https:\/\/xn--wunderschn-mcb.info\/wp-content\/uploads\/2017\/08\/cnc-mikroderm_v2.png\" data-orig-size=\"1428,776\" data-comments-opened=\"0\" data-image-meta=\"{&quot;aperture&quot;:&quot;0&quot;,&quot;credit&quot;:&quot;&quot;,&quot;camera&quot;:&quot;&quot;,&quot;caption&quot;:&quot;&quot;,&quot;created_timestamp&quot;:&quot;0&quot;,&quot;copyright&quot;:&quot;&quot;,&quot;focal_length&quot;:&quot;0&quot;,&quot;iso&quot;:&quot;0&quot;,&quot;shutter_speed&quot;:&quot;0&quot;,&quot;title&quot;:&quot;&quot;,&quot;orientation&quot;:&quot;0&quot;}\" data-image-title=\"cnc mikroderm_v2\" data-image-description=\"\" data-image-caption=\"\" data-medium-file=\"https:\/\/xn--wunderschn-mcb.info\/wp-content\/uploads\/2017\/08\/cnc-mikroderm_v2-300x163.png\" data-large-file=\"https:\/\/xn--wunderschn-mcb.info\/wp-content\/uploads\/2017\/08\/cnc-mikroderm_v2-1024x556.png\" loading=\"lazy\" decoding=\"async\" class=\"alignnone wp-image-789\" src=\"https:\/\/xn--wunderschn-mcb.info\/wp-content\/uploads\/2017\/08\/cnc-mikroderm_v2-300x163.png\" alt=\"\" width=\"250\" height=\"136\" srcset=\"https:\/\/xn--wunderschn-mcb.info\/wp-content\/uploads\/2017\/08\/cnc-mikroderm_v2-300x163.png 300w, https:\/\/xn--wunderschn-mcb.info\/wp-content\/uploads\/2017\/08\/cnc-mikroderm_v2-1024x556.png 1024w, https:\/\/xn--wunderschn-mcb.info\/wp-content\/uploads\/2017\/08\/cnc-mikroderm_v2-830x451.png 830w, https:\/\/xn--wunderschn-mcb.info\/wp-content\/uploads\/2017\/08\/cnc-mikroderm_v2-230x125.png 230w, https:\/\/xn--wunderschn-mcb.info\/wp-content\/uploads\/2017\/08\/cnc-mikroderm_v2-350x190.png 350w, https:\/\/xn--wunderschn-mcb.info\/wp-content\/uploads\/2017\/08\/cnc-mikroderm_v2.png 1428w\" sizes=\"auto, (max-width: 250px) 100vw, 250px\" \/><img data-attachment-id=\"788\" data-permalink=\"https:\/\/xn--wunderschn-mcb.info\/?attachment_id=788\" data-orig-file=\"https:\/\/xn--wunderschn-mcb.info\/wp-content\/uploads\/2017\/08\/cnc-geraet_edit_v2.png\" data-orig-size=\"1029,728\" data-comments-opened=\"0\" data-image-meta=\"{&quot;aperture&quot;:&quot;0&quot;,&quot;credit&quot;:&quot;&quot;,&quot;camera&quot;:&quot;&quot;,&quot;caption&quot;:&quot;&quot;,&quot;created_timestamp&quot;:&quot;0&quot;,&quot;copyright&quot;:&quot;&quot;,&quot;focal_length&quot;:&quot;0&quot;,&quot;iso&quot;:&quot;0&quot;,&quot;shutter_speed&quot;:&quot;0&quot;,&quot;title&quot;:&quot;&quot;,&quot;orientation&quot;:&quot;0&quot;}\" data-image-title=\"cnc geraet_edit_v2\" data-image-description=\"\" data-image-caption=\"\" data-medium-file=\"https:\/\/xn--wunderschn-mcb.info\/wp-content\/uploads\/2017\/08\/cnc-geraet_edit_v2-300x212.png\" data-large-file=\"https:\/\/xn--wunderschn-mcb.info\/wp-content\/uploads\/2017\/08\/cnc-geraet_edit_v2-1024x724.png\" loading=\"lazy\" decoding=\"async\" class=\"alignnone wp-image-788\" src=\"https:\/\/xn--wunderschn-mcb.info\/wp-content\/uploads\/2017\/08\/cnc-geraet_edit_v2-300x212.png\" alt=\"\" width=\"250\" height=\"177\" srcset=\"https:\/\/xn--wunderschn-mcb.info\/wp-content\/uploads\/2017\/08\/cnc-geraet_edit_v2-300x212.png 300w, https:\/\/xn--wunderschn-mcb.info\/wp-content\/uploads\/2017\/08\/cnc-geraet_edit_v2-1024x724.png 1024w, https:\/\/xn--wunderschn-mcb.info\/wp-content\/uploads\/2017\/08\/cnc-geraet_edit_v2-830x587.png 830w, https:\/\/xn--wunderschn-mcb.info\/wp-content\/uploads\/2017\/08\/cnc-geraet_edit_v2-230x163.png 230w, https:\/\/xn--wunderschn-mcb.info\/wp-content\/uploads\/2017\/08\/cnc-geraet_edit_v2-350x248.png 350w, https:\/\/xn--wunderschn-mcb.info\/wp-content\/uploads\/2017\/08\/cnc-geraet_edit_v2.png 1029w\" sizes=\"auto, (max-width: 250px) 100vw, 250px\" \/><img data-attachment-id=\"787\" data-permalink=\"https:\/\/xn--wunderschn-mcb.info\/?attachment_id=787\" data-orig-file=\"https:\/\/xn--wunderschn-mcb.info\/wp-content\/uploads\/2017\/08\/coldPLASMA_v2.png\" data-orig-size=\"2928,2040\" data-comments-opened=\"0\" data-image-meta=\"{&quot;aperture&quot;:&quot;0&quot;,&quot;credit&quot;:&quot;&quot;,&quot;camera&quot;:&quot;&quot;,&quot;caption&quot;:&quot;&quot;,&quot;created_timestamp&quot;:&quot;0&quot;,&quot;copyright&quot;:&quot;&quot;,&quot;focal_length&quot;:&quot;0&quot;,&quot;iso&quot;:&quot;0&quot;,&quot;shutter_speed&quot;:&quot;0&quot;,&quot;title&quot;:&quot;&quot;,&quot;orientation&quot;:&quot;0&quot;}\" data-image-title=\"coldPLASMA_v2\" data-image-description=\"\" data-image-caption=\"\" data-medium-file=\"https:\/\/xn--wunderschn-mcb.info\/wp-content\/uploads\/2017\/08\/coldPLASMA_v2-300x209.png\" data-large-file=\"https:\/\/xn--wunderschn-mcb.info\/wp-content\/uploads\/2017\/08\/coldPLASMA_v2-1024x713.png\" loading=\"lazy\" decoding=\"async\" class=\"alignnone wp-image-787\" src=\"https:\/\/xn--wunderschn-mcb.info\/wp-content\/uploads\/2017\/08\/coldPLASMA_v2.png\" alt=\"\" width=\"210\" height=\"146\" srcset=\"https:\/\/xn--wunderschn-mcb.info\/wp-content\/uploads\/2017\/08\/coldPLASMA_v2.png 2928w, https:\/\/xn--wunderschn-mcb.info\/wp-content\/uploads\/2017\/08\/coldPLASMA_v2-300x209.png 300w, https:\/\/xn--wunderschn-mcb.info\/wp-content\/uploads\/2017\/08\/coldPLASMA_v2-1024x713.png 1024w, https:\/\/xn--wunderschn-mcb.info\/wp-content\/uploads\/2017\/08\/coldPLASMA_v2-830x578.png 830w, https:\/\/xn--wunderschn-mcb.info\/wp-content\/uploads\/2017\/08\/coldPLASMA_v2-230x160.png 230w, https:\/\/xn--wunderschn-mcb.info\/wp-content\/uploads\/2017\/08\/coldPLASMA_v2-350x244.png 350w\" sizes=\"auto, (max-width: 210px) 100vw, 210px\" \/><\/p>\n<p style=\"text-align: center;\">Die Methoden der apparativen Kosmetik zeichnen sich durch bestm\u00f6gliche Ergebnisse in vielerlei Hinsicht aus. Zun\u00e4chst erweisen sie sich als \u00e4u\u00dferst sinnvoll, um die Regenerationsvorg\u00e4nge der Haut positiv zu beeinflussen, die Stoffwechselvorg\u00e4nge anzuregen und im Zusammenhang mit Anti-Aging hervorragende Resultate zu erbringen. So kann die Wirkstoffkosmetik mit apparativer Unterst\u00fctzung noch intensiviert und verbessert werden. Ein gro\u00dfer Vorteil ist ein jugendlicheres Hautbild ohne operative Eingriffe. Dar\u00fcber hinaus kann die apparative Kosmetik gew\u00fcnschte Gesichtsbehandlungen effizienter durchf\u00fchren und Hautirritationen schmerzloser und langanhaltend therapieren.<\/p>\n<\/div>\n<\/div><\/div><\/div><\/div><div id=\"pgc-534-0-2\"  class=\"panel-grid-cell panel-grid-cell-empty\" ><\/div><\/div><\/div><\/div>","protected":false},"excerpt":{"rendered":"<p>Ich setze bei meinen apparativen Kosmetikbehandlungen die mehrfach pr\u00e4mierten und ausgezeichneten Ger\u00e4te der CNC cosmetic GmbH ein und biete Ihnen coldPLASMA,\u00a0Micro Needling, [&hellip;]<\/p>\n","protected":false},"author":1,"featured_media":0,"parent":0,"menu_order":0,"comment_status":"closed","ping_status":"closed","template":"page-templates\/page_front-page.php","meta":{"footnotes":""},"class_list":["post-534","page","type-page","status-publish","hentry"],"jetpack_shortlink":"https:\/\/wp.me\/P6UnmH-8C","jetpack_sharing_enabled":true,"_links":{"self":[{"href":"https:\/\/xn--wunderschn-mcb.info\/index.php?rest_route=\/wp\/v2\/pages\/534","targetHints":{"allow":["GET"]}}],"collection":[{"href":"https:\/\/xn--wunderschn-mcb.info\/index.php?rest_route=\/wp\/v2\/pages"}],"about":[{"href":"https:\/\/xn--wunderschn-mcb.info\/index.php?rest_route=\/wp\/v2\/types\/page"}],"author":[{"embeddable":true,"href":"https:\/\/xn--wunderschn-mcb.info\/index.php?rest_route=\/wp\/v2\/users\/1"}],"replies":[{"embeddable":true,"href":"https:\/\/xn--wunderschn-mcb.info\/index.php?rest_route=%2Fwp%2Fv2%2Fcomments&post=534"}],"version-history":[{"count":28,"href":"https:\/\/xn--wunderschn-mcb.info\/index.php?rest_route=\/wp\/v2\/pages\/534\/revisions"}],"predecessor-version":[{"id":1195,"href":"https:\/\/xn--wunderschn-mcb.info\/index.php?rest_route=\/wp\/v2\/pages\/534\/revisions\/1195"}],"wp:attachment":[{"href":"https:\/\/xn--wunderschn-mcb.info\/index.php?rest_route=%2Fwp%2Fv2%2Fmedia&parent=534"}],"curies":[{"name":"wp","href":"https:\/\/api.w.org\/{rel}","templated":true}]}}