{"id":500,"date":"2017-08-13T10:24:48","date_gmt":"2017-08-13T08:24:48","guid":{"rendered":"http:\/\/xn--wunderschn-mcb.info\/?page_id=500"},"modified":"2025-04-13T20:10:44","modified_gmt":"2025-04-13T18:10:44","slug":"apparative-kosmetik","status":"publish","type":"page","link":"https:\/\/xn--wunderschn-mcb.info\/?page_id=500","title":{"rendered":"Diamant MikroDermabrasion"},"content":{"rendered":"<div id=\"pl-500\"  class=\"panel-layout\" ><div id=\"pg-500-0\"  class=\"panel-grid panel-has-style\" ><div style=\"padding: 75px 0; \" data-overlay=\"true\" class=\"panel-row-style panel-row-style-for-500-0\" ><div id=\"pgc-500-0-0\"  class=\"panel-grid-cell panel-grid-cell-empty\" ><\/div><div id=\"pgc-500-0-1\"  class=\"panel-grid-cell panel-grid-cell-mobile-last\" ><div id=\"panel-500-0-1-0\" class=\"so-panel widget widget_sow-editor panel-first-child panel-last-child\" data-index=\"0\" ><div style=\"text-align: left;\" data-title-color=\"#443f3f\" data-headings-color=\"#443f3f\" class=\"panel-widget-style panel-widget-style-for-500-0-1-0\" ><div\n\t\t\t\n\t\t\tclass=\"so-widget-sow-editor so-widget-sow-editor-base\"\n\t\t\t\n\t\t><h3 class=\"widget-title\">Diamant MikroDermabrasion<\/h3>\n<div class=\"siteorigin-widget-tinymce textwidget\">\n\t<h6 style=\"text-align: center;\">ANTI-AGING BEHANDLUNG AUF H\u00d6CHSTEM NIVEAU<\/h6>\n<p style=\"text-align: center;\"><span class=\"beschreibung\">In einem regelm\u00e4\u00dfigen Zyklus erneuern sich die Hautzellen. Diese F\u00e4higkeit l\u00e4sst mit zunehmendem Alter nach, die Folge ist eine Verschlechterung des Hautbildes durch die fehlende Neubildung von Zellen. Die abgestorbenen Hautsch\u00fcppchen m\u00fcssen abgetragen werden, um eine Verbesserung des Hautbildes zu erzielen.\u00a0<\/span><span class=\"beschreibung\">Mit der Diamant MikroDermabrasion wird eine sanfte und schmerzfreie Abtragung der oberen Hautschichten vorgenommen. Die nat\u00fcrliche Hautregeneration wird dadurch angeregt und das Hautbild wird sichtbar verbessert.\u00a0<\/span><span class=\"beschreibung\">Das Ziel ist\u00a0<\/span><span class=\"beschreibung\">eine j\u00fcnger aussehende Haut, geringere Faltentiefe und verfeinerte Poren.<\/span><\/p>\n<p style=\"text-align: center;\"><img data-attachment-id=\"516\" data-permalink=\"https:\/\/xn--wunderschn-mcb.info\/?attachment_id=516\" data-orig-file=\"https:\/\/xn--wunderschn-mcb.info\/wp-content\/uploads\/2017\/08\/mikroderm-banner.jpg\" data-orig-size=\"962,301\" data-comments-opened=\"0\" data-image-meta=\"{&quot;aperture&quot;:&quot;0&quot;,&quot;credit&quot;:&quot;&quot;,&quot;camera&quot;:&quot;&quot;,&quot;caption&quot;:&quot;&quot;,&quot;created_timestamp&quot;:&quot;0&quot;,&quot;copyright&quot;:&quot;&quot;,&quot;focal_length&quot;:&quot;0&quot;,&quot;iso&quot;:&quot;0&quot;,&quot;shutter_speed&quot;:&quot;0&quot;,&quot;title&quot;:&quot;&quot;,&quot;orientation&quot;:&quot;1&quot;}\" data-image-title=\"mikroderm-banner\" data-image-description=\"\" data-image-caption=\"\" data-medium-file=\"https:\/\/xn--wunderschn-mcb.info\/wp-content\/uploads\/2017\/08\/mikroderm-banner-300x94.jpg\" data-large-file=\"https:\/\/xn--wunderschn-mcb.info\/wp-content\/uploads\/2017\/08\/mikroderm-banner.jpg\" loading=\"lazy\" decoding=\"async\" class=\"aligncenter wp-image-516 size-full\" src=\"https:\/\/xn--wunderschn-mcb.info\/wp-content\/uploads\/2017\/08\/mikroderm-banner.jpg\" alt=\"mikroderm-banner\" width=\"962\" height=\"301\" srcset=\"https:\/\/xn--wunderschn-mcb.info\/wp-content\/uploads\/2017\/08\/mikroderm-banner.jpg 962w, https:\/\/xn--wunderschn-mcb.info\/wp-content\/uploads\/2017\/08\/mikroderm-banner-300x94.jpg 300w, https:\/\/xn--wunderschn-mcb.info\/wp-content\/uploads\/2017\/08\/mikroderm-banner-830x260.jpg 830w, https:\/\/xn--wunderschn-mcb.info\/wp-content\/uploads\/2017\/08\/mikroderm-banner-230x72.jpg 230w, https:\/\/xn--wunderschn-mcb.info\/wp-content\/uploads\/2017\/08\/mikroderm-banner-350x110.jpg 350w\" sizes=\"auto, (max-width: 962px) 100vw, 962px\" \/><\/p>\n<h6 style=\"text-align: center;\">WAS BEWIRKT DIE DIAMANT MIKRODERMABRASION?<\/h6>\n<p style=\"text-align: center;\"><span class=\"beschreibung\">Diese Behandlungsmethode sorgt f\u00fcr eine schmerzfreie Abtragung von abgestorbenem Zellmaterial und regt die\u00a0<\/span>Zellneubildung an. Durch das sanfte und kontrollierte Peeling wird die Haut <span class=\"beschreibung\">optimal vorbereitet f\u00fcr nachfolgende, hochwirksame Wirkstoffe und Pflegeprodukte.<\/span><\/p>\n<p style=\"text-align: center;\"><em><b>WAS KANN ICH MIT DER BEHANDLUNG ERREICHEN?<\/b><\/em><\/p>\n<p style=\"text-align: center;\"><strong><span class=\"beschreibung\">\u2022 Verminderung von\u00a0<\/span><span class=\"beschreibung\">Pigmentst\u00f6rungen<br \/>\n\u2022\u00a0<\/span><span class=\"beschreibung\">Reduktion von Altersflecken<br \/>\n\u2022\u00a0<\/span><span class=\"beschreibung\">Behandlung von gro\u00dfporiger, unreiner Haut<br \/>\n\u2022\u00a0<\/span><span class=\"beschreibung\">Verringerung von Mimikfalten<br \/>\n\u2022\u00a0<\/span><span class=\"beschreibung\">Reduktion von Cellulite und Dehnungsstreifen<br \/>\n\u2022\u00a0<\/span><span class=\"beschreibung\">Verfeinerung des Hautbildes<br \/>\n\u2022\u00a0<\/span><span class=\"beschreibung\">Anregung der Zellneubildung<\/span><\/strong><\/p>\n<h6 style=\"text-align: center;\">WIRKUNGSWEISE DER\u00a0DIAMANT MIKRODERMABRASION<\/h6>\n<p style=\"text-align: center;\"><img data-attachment-id=\"522\" data-permalink=\"https:\/\/xn--wunderschn-mcb.info\/?attachment_id=522\" data-orig-file=\"https:\/\/xn--wunderschn-mcb.info\/wp-content\/uploads\/2017\/08\/wirkungsweise-mikroderm.jpg\" data-orig-size=\"804,189\" data-comments-opened=\"0\" data-image-meta=\"{&quot;aperture&quot;:&quot;0&quot;,&quot;credit&quot;:&quot;&quot;,&quot;camera&quot;:&quot;&quot;,&quot;caption&quot;:&quot;&quot;,&quot;created_timestamp&quot;:&quot;0&quot;,&quot;copyright&quot;:&quot;&quot;,&quot;focal_length&quot;:&quot;0&quot;,&quot;iso&quot;:&quot;0&quot;,&quot;shutter_speed&quot;:&quot;0&quot;,&quot;title&quot;:&quot;&quot;,&quot;orientation&quot;:&quot;0&quot;}\" data-image-title=\"wirkungsweise-mikroderm\" data-image-description=\"\" data-image-caption=\"\" data-medium-file=\"https:\/\/xn--wunderschn-mcb.info\/wp-content\/uploads\/2017\/08\/wirkungsweise-mikroderm-300x71.jpg\" data-large-file=\"https:\/\/xn--wunderschn-mcb.info\/wp-content\/uploads\/2017\/08\/wirkungsweise-mikroderm.jpg\" loading=\"lazy\" decoding=\"async\" class=\"aligncenter wp-image-522 size-full\" src=\"https:\/\/xn--wunderschn-mcb.info\/wp-content\/uploads\/2017\/08\/wirkungsweise-mikroderm.jpg\" alt=\"wirkungsweise-mikroderm\" width=\"804\" height=\"189\" srcset=\"https:\/\/xn--wunderschn-mcb.info\/wp-content\/uploads\/2017\/08\/wirkungsweise-mikroderm.jpg 804w, https:\/\/xn--wunderschn-mcb.info\/wp-content\/uploads\/2017\/08\/wirkungsweise-mikroderm-300x71.jpg 300w, https:\/\/xn--wunderschn-mcb.info\/wp-content\/uploads\/2017\/08\/wirkungsweise-mikroderm-230x54.jpg 230w, https:\/\/xn--wunderschn-mcb.info\/wp-content\/uploads\/2017\/08\/wirkungsweise-mikroderm-350x82.jpg 350w\" sizes=\"auto, (max-width: 804px) 100vw, 804px\" \/><\/p>\n<p style=\"text-align: center;\"><strong>Bild 1:\u00a0<\/strong> Die Hautoberfl\u00e4che ist stark verhornt. Spezielle Hautsituationen treten deutlicher hervor, z.B. Linien und F\u00e4ltchen, Unterlagerungen, ausgepr\u00e4gte Lichtschwiele, Pigmentst\u00f6rungen, Narben usw.<\/p>\n<p style=\"text-align: center;\"><strong>Bild 2: \u00a0<\/strong>Pflegeprodukte haben kaum die M\u00f6glichkeit ihre Wirkung zu entfalten.<\/p>\n<p style=\"text-align: center;\"><strong>Bild 3: \u00a0<\/strong>Die Diamant MikroDermabrasion entfernt schonend und effektiv die verdickte Hornschicht. Der Grad der Hautsch\u00e4lung richtet sich nach der Intensit\u00e4t des Vakuums und der St\u00e4rke des Diamantkopfes.<\/p>\n<p style=\"text-align: center;\"><strong>Bild 4: \u00a0<\/strong>Die Haut ist wieder besser durchblutet. Stoffwechselvorg\u00e4nge werden aktiviert und Wirkstoffe k\u00f6nnen besser aufgenommen werden.<\/p>\n<p style=\"text-align: center;\">Die Diamant MikroDermabrasion ist eine sehr sanfte und gleichzeitig enorm effektive Variante der Hauterneuerung. Sie ist f\u00fcr alle Hauttypen geeignet, auch f\u00fcr empfindliche Haut. Im Vergleich zu einem klassischen Peeling erfolgt mit diesem Ger\u00e4t eine gezielte und absolut kontrollierte Abtragung der Hornschicht, der Pigmente, der Narben usw.\u00a0Die besten Erfolge erzielen Sie mit einer kurm\u00e4\u00dfigen Behandlung im w\u00f6chentlichen Abstand. Gern unterbreite ich Ihnen ein Vorteilsangebot.<\/p>\n<\/div>\n<\/div><\/div><\/div><\/div><div id=\"pgc-500-0-2\"  class=\"panel-grid-cell panel-grid-cell-empty\" ><\/div><\/div><\/div><\/div>","protected":false},"excerpt":{"rendered":"<p>ANTI-AGING BEHANDLUNG AUF H\u00d6CHSTEM NIVEAU In einem regelm\u00e4\u00dfigen Zyklus erneuern sich die Hautzellen. Diese F\u00e4higkeit l\u00e4sst mit zunehmendem Alter nach, die Folge [&hellip;]<\/p>\n","protected":false},"author":1,"featured_media":0,"parent":0,"menu_order":0,"comment_status":"closed","ping_status":"closed","template":"page-templates\/page_front-page.php","meta":{"footnotes":""},"class_list":["post-500","page","type-page","status-publish","hentry"],"jetpack_shortlink":"https:\/\/wp.me\/P6UnmH-84","jetpack_sharing_enabled":true,"_links":{"self":[{"href":"https:\/\/xn--wunderschn-mcb.info\/index.php?rest_route=\/wp\/v2\/pages\/500","targetHints":{"allow":["GET"]}}],"collection":[{"href":"https:\/\/xn--wunderschn-mcb.info\/index.php?rest_route=\/wp\/v2\/pages"}],"about":[{"href":"https:\/\/xn--wunderschn-mcb.info\/index.php?rest_route=\/wp\/v2\/types\/page"}],"author":[{"embeddable":true,"href":"https:\/\/xn--wunderschn-mcb.info\/index.php?rest_route=\/wp\/v2\/users\/1"}],"replies":[{"embeddable":true,"href":"https:\/\/xn--wunderschn-mcb.info\/index.php?rest_route=%2Fwp%2Fv2%2Fcomments&post=500"}],"version-history":[{"count":29,"href":"https:\/\/xn--wunderschn-mcb.info\/index.php?rest_route=\/wp\/v2\/pages\/500\/revisions"}],"predecessor-version":[{"id":1191,"href":"https:\/\/xn--wunderschn-mcb.info\/index.php?rest_route=\/wp\/v2\/pages\/500\/revisions\/1191"}],"wp:attachment":[{"href":"https:\/\/xn--wunderschn-mcb.info\/index.php?rest_route=%2Fwp%2Fv2%2Fmedia&parent=500"}],"curies":[{"name":"wp","href":"https:\/\/api.w.org\/{rel}","templated":true}]}}