{"id":402,"date":"2017-04-08T00:11:09","date_gmt":"2017-04-07T22:11:09","guid":{"rendered":"http:\/\/xn--wunderschn-mcb.info\/?page_id=402"},"modified":"2024-02-27T09:23:55","modified_gmt":"2024-02-27T08:23:55","slug":"aegyptos","status":"publish","type":"page","link":"https:\/\/xn--wunderschn-mcb.info\/?page_id=402","title":{"rendered":"\u00c4GYPTOS Vitalwickel"},"content":{"rendered":"<div id=\"pl-402\"  class=\"panel-layout\" ><div id=\"pg-402-0\"  class=\"panel-grid panel-has-style\" ><div style=\"padding: 75px 0; \" data-overlay=\"true\" class=\"panel-row-style panel-row-style-for-402-0\" ><div id=\"pgc-402-0-0\"  class=\"panel-grid-cell panel-grid-cell-empty\" ><\/div><div id=\"pgc-402-0-1\"  class=\"panel-grid-cell panel-grid-cell-mobile-last\" ><div id=\"panel-402-0-1-0\" class=\"so-panel widget widget_sow-editor panel-first-child panel-last-child\" data-index=\"0\" ><div class=\"panel-widget-style panel-widget-style-for-402-0-1-0\" ><div\n\t\t\t\n\t\t\tclass=\"so-widget-sow-editor so-widget-sow-editor-base\"\n\t\t\t\n\t\t><h3 class=\"widget-title\">\u00c4gyptos Vitalwickel<\/h3>\n<div class=\"siteorigin-widget-tinymce textwidget\">\n\t<h5 style=\"text-align: center;\">DEN K\u00d6RPER MIT DER SANFTEN KRAFT DER NATUR UMWICKELN<\/h5>\n<p style=\"text-align: center;\">Das Geheimnis der wohltuenden Sch\u00f6nheitsbehandlung durch Vitalwickel kannten schon die \u00c4gypter zu Zeiten von K\u00f6nigin Cleopatra. Sie griffen auf wirksame Verfahren aus der Naturheilkunde zur\u00fcck, und in diesem bew\u00e4hrten Wissen liegt der Ursprung des \u00c4GYPTOS Vitalwickels. Vitalerde und Meersalz reinigen, gl\u00e4tten und pflegen die Haut. Diese hochwirksame Kombination aus Naturstoffen wirkt entgiftend, entschlackend und entspannend. Vitalwickel straffen die Haut, lindern Ekzeme und helfen bei der Linderung von Dehnungsstreifen, Gelenkentz\u00fcndungen, Cellulite, Neurodermitis, Schuppenflechte, Akne und vielem mehr.<\/p>\n<p>&nbsp;<\/p>\n<p style=\"text-align: center;\"><a href=\"https:\/\/xn--wunderschn-mcb.info\/wp-content\/uploads\/2017\/04\/Aegyptos-1.jpg\"><img data-attachment-id=\"486\" data-permalink=\"https:\/\/xn--wunderschn-mcb.info\/?attachment_id=486\" data-orig-file=\"https:\/\/xn--wunderschn-mcb.info\/wp-content\/uploads\/2017\/04\/foto-large-1_blurred_resized.jpg\" data-orig-size=\"423,600\" data-comments-opened=\"0\" data-image-meta=\"{&quot;aperture&quot;:&quot;0&quot;,&quot;credit&quot;:&quot;&quot;,&quot;camera&quot;:&quot;&quot;,&quot;caption&quot;:&quot;&quot;,&quot;created_timestamp&quot;:&quot;0&quot;,&quot;copyright&quot;:&quot;&quot;,&quot;focal_length&quot;:&quot;0&quot;,&quot;iso&quot;:&quot;0&quot;,&quot;shutter_speed&quot;:&quot;0&quot;,&quot;title&quot;:&quot;&quot;,&quot;orientation&quot;:&quot;0&quot;}\" data-image-title=\"foto large 1_blurred_resized\" data-image-description=\"\" data-image-caption=\"\" data-medium-file=\"https:\/\/xn--wunderschn-mcb.info\/wp-content\/uploads\/2017\/04\/foto-large-1_blurred_resized-212x300.jpg\" data-large-file=\"https:\/\/xn--wunderschn-mcb.info\/wp-content\/uploads\/2017\/04\/foto-large-1_blurred_resized.jpg\" loading=\"lazy\" decoding=\"async\" class=\"alignnone size-medium wp-image-486\" src=\"https:\/\/xn--wunderschn-mcb.info\/wp-content\/uploads\/2017\/04\/foto-large-1_blurred_resized-212x300.jpg\" alt=\"foto large 1_blurred_resized\" width=\"212\" height=\"300\" srcset=\"https:\/\/xn--wunderschn-mcb.info\/wp-content\/uploads\/2017\/04\/foto-large-1_blurred_resized-212x300.jpg 212w, https:\/\/xn--wunderschn-mcb.info\/wp-content\/uploads\/2017\/04\/foto-large-1_blurred_resized-230x326.jpg 230w, https:\/\/xn--wunderschn-mcb.info\/wp-content\/uploads\/2017\/04\/foto-large-1_blurred_resized-350x496.jpg 350w, https:\/\/xn--wunderschn-mcb.info\/wp-content\/uploads\/2017\/04\/foto-large-1_blurred_resized.jpg 423w\" sizes=\"auto, (max-width: 212px) 100vw, 212px\" \/>\u00a0 \u00a0<img data-attachment-id=\"485\" data-permalink=\"https:\/\/xn--wunderschn-mcb.info\/?attachment_id=485\" data-orig-file=\"https:\/\/xn--wunderschn-mcb.info\/wp-content\/uploads\/2017\/04\/aegypterin_edit_423x600.jpg\" data-orig-size=\"423,600\" data-comments-opened=\"0\" data-image-meta=\"{&quot;aperture&quot;:&quot;0&quot;,&quot;credit&quot;:&quot;&quot;,&quot;camera&quot;:&quot;&quot;,&quot;caption&quot;:&quot;&quot;,&quot;created_timestamp&quot;:&quot;0&quot;,&quot;copyright&quot;:&quot;&quot;,&quot;focal_length&quot;:&quot;0&quot;,&quot;iso&quot;:&quot;0&quot;,&quot;shutter_speed&quot;:&quot;0&quot;,&quot;title&quot;:&quot;&quot;,&quot;orientation&quot;:&quot;0&quot;}\" data-image-title=\"\u00e4gypterin_edit_423x600\" data-image-description=\"\" data-image-caption=\"\" data-medium-file=\"https:\/\/xn--wunderschn-mcb.info\/wp-content\/uploads\/2017\/04\/aegypterin_edit_423x600-212x300.jpg\" data-large-file=\"https:\/\/xn--wunderschn-mcb.info\/wp-content\/uploads\/2017\/04\/aegypterin_edit_423x600.jpg\" loading=\"lazy\" decoding=\"async\" class=\"alignnone size-medium wp-image-485\" src=\"https:\/\/xn--wunderschn-mcb.info\/wp-content\/uploads\/2017\/04\/aegypterin_edit_423x600-212x300.jpg\" alt=\"\u00e4gypterin_edit_423x600\" width=\"212\" height=\"300\" srcset=\"https:\/\/xn--wunderschn-mcb.info\/wp-content\/uploads\/2017\/04\/aegypterin_edit_423x600-212x300.jpg 212w, https:\/\/xn--wunderschn-mcb.info\/wp-content\/uploads\/2017\/04\/aegypterin_edit_423x600-230x326.jpg 230w, https:\/\/xn--wunderschn-mcb.info\/wp-content\/uploads\/2017\/04\/aegypterin_edit_423x600-350x496.jpg 350w, https:\/\/xn--wunderschn-mcb.info\/wp-content\/uploads\/2017\/04\/aegypterin_edit_423x600.jpg 423w\" sizes=\"auto, (max-width: 212px) 100vw, 212px\" \/><\/a><\/p>\n<p>&nbsp;<\/p>\n<h5 style=\"text-align: center;\">STRAFFE ERGEBNISSE, DIE SIE F\u00dcHLEN UND SEHEN K\u00d6NNEN<\/h5>\n<p style=\"text-align: center;\">Bereits nach der ersten Anwendung ist eine Hautstraffung an den Problemzonen sichtbar. F\u00fcr optimale Ergebnisse empfehle ich eine Kur von drei bis f\u00fcnf Behandlungen, danach reicht eine regelm\u00e4\u00dfige Auffrischung.<\/p>\n<p>&nbsp;<\/p>\n<p style=\"text-align: center;\"><strong>Der \u00c4GYPTOS Vitalwickel sorgt f\u00fcr sp\u00fcrbare Ergebnisse:<\/strong><\/p>\n<p style=\"text-align: center;\">\u2022 sichtbare Straffung und Vitalisierung der Haut<br \/>\n\u2022\u00a0Entschlackung, Entgiftung und Mineralisierung der Haut<br \/>\n\u2022\u00a0Gl\u00e4ttung von Cellulite und Fettpolstern<br \/>\n\u2022\u00a0Verkleinerung von Dehnungs- und Schwangerschaftsstreifen, Narben<br \/>\n\u2022\u00a0Verfeinerung der K\u00f6rpersilhouette<br \/>\n\u2022\u00a0sofort messbarer cm-Verlust an Problemzonen<br \/>\n\u2022\u00a0Pflege bei trockener Haut, Neurodermitis, Schuppenflechte, Ekzemen<br \/>\n\u2022\u00a0Steigerung des Wohlbefindens und Stressabbau<em><strong><br \/>\n<\/strong><\/em><\/p>\n<p>&nbsp;<\/p>\n<p style=\"text-align: center;\"><em><strong>Einzelwickel \u00a0 129,- \u20ac<\/strong><\/em><br \/>\n<em><strong>3er Abo \u00a0 360,- \u20ac<\/strong><\/em><br \/>\n<em><strong>5er Abo \u00a0 590,- \u20ac<\/strong><\/em><\/p>\n<p>&nbsp;<\/p>\n<h5 style=\"text-align: center;\">SP\u00dcRBARE ERFOLGE SCHON NACH DER ERSTEN BEHANDLUNG<\/h5>\n<p style=\"text-align: center;\">Bei der klassischen Wickelmethode wird der ganze K\u00f6rper mit einer besonderen Technik umwickelt. Dadurch werden der Lymphfluss angeregt, die Schlackenstoffe abtransportiert, das Gewebe gefestigt und die Problemzonen gestrafft. Eine Behandlung dauert ungef\u00e4hr eineinhalb bis zwei Stunden. Da die Baumwollbandagen angenehm warm und sehr elastisch sind, kann man w\u00e4hrend der Einwirkzeit wunderbar entspannen. Schon mit der ersten \u00c4GYPTOS Wickelbehandlung verfeinert sich die K\u00f6rpersilhouette. Vor allem an den typischen Problemzonen - Bauch, Oberschenkel, Po, Oberarme - strafft sich die Haut.<\/p>\n<p>&nbsp;<\/p>\n<p style=\"text-align: center;\"><a href=\"https:\/\/xn--wunderschn-mcb.info\/wp-content\/uploads\/2017\/04\/Aegyptos-1.jpg\"><img data-attachment-id=\"434\" data-permalink=\"https:\/\/xn--wunderschn-mcb.info\/?attachment_id=434\" data-orig-file=\"https:\/\/xn--wunderschn-mcb.info\/wp-content\/uploads\/2017\/04\/Aegyptos-1.jpg\" data-orig-size=\"400,600\" data-comments-opened=\"0\" data-image-meta=\"{&quot;aperture&quot;:&quot;0&quot;,&quot;credit&quot;:&quot;&quot;,&quot;camera&quot;:&quot;&quot;,&quot;caption&quot;:&quot;&quot;,&quot;created_timestamp&quot;:&quot;0&quot;,&quot;copyright&quot;:&quot;&quot;,&quot;focal_length&quot;:&quot;0&quot;,&quot;iso&quot;:&quot;0&quot;,&quot;shutter_speed&quot;:&quot;0&quot;,&quot;title&quot;:&quot;&quot;,&quot;orientation&quot;:&quot;0&quot;}\" data-image-title=\"Aegyptos-1\" data-image-description=\"\" data-image-caption=\"\" data-medium-file=\"https:\/\/xn--wunderschn-mcb.info\/wp-content\/uploads\/2017\/04\/Aegyptos-1-200x300.jpg\" data-large-file=\"https:\/\/xn--wunderschn-mcb.info\/wp-content\/uploads\/2017\/04\/Aegyptos-1.jpg\" loading=\"lazy\" decoding=\"async\" class=\"alignnone size-medium wp-image-434\" src=\"https:\/\/xn--wunderschn-mcb.info\/wp-content\/uploads\/2017\/04\/Aegyptos-1-200x300.jpg\" alt=\"Aegyptos-1\" width=\"200\" height=\"300\" srcset=\"https:\/\/xn--wunderschn-mcb.info\/wp-content\/uploads\/2017\/04\/Aegyptos-1-200x300.jpg 200w, https:\/\/xn--wunderschn-mcb.info\/wp-content\/uploads\/2017\/04\/Aegyptos-1-230x345.jpg 230w, https:\/\/xn--wunderschn-mcb.info\/wp-content\/uploads\/2017\/04\/Aegyptos-1-350x525.jpg 350w, https:\/\/xn--wunderschn-mcb.info\/wp-content\/uploads\/2017\/04\/Aegyptos-1.jpg 400w\" sizes=\"auto, (max-width: 200px) 100vw, 200px\" \/><\/a>\u00a0 \u00a0<img data-attachment-id=\"482\" data-permalink=\"https:\/\/xn--wunderschn-mcb.info\/?attachment_id=482\" data-orig-file=\"https:\/\/xn--wunderschn-mcb.info\/wp-content\/uploads\/2017\/04\/wickelei_400x600.jpg\" data-orig-size=\"400,600\" data-comments-opened=\"0\" data-image-meta=\"{&quot;aperture&quot;:&quot;0&quot;,&quot;credit&quot;:&quot;&quot;,&quot;camera&quot;:&quot;&quot;,&quot;caption&quot;:&quot;&quot;,&quot;created_timestamp&quot;:&quot;0&quot;,&quot;copyright&quot;:&quot;&quot;,&quot;focal_length&quot;:&quot;0&quot;,&quot;iso&quot;:&quot;0&quot;,&quot;shutter_speed&quot;:&quot;0&quot;,&quot;title&quot;:&quot;&quot;,&quot;orientation&quot;:&quot;0&quot;}\" data-image-title=\"wickelei_400x600\" data-image-description=\"\" data-image-caption=\"\" data-medium-file=\"https:\/\/xn--wunderschn-mcb.info\/wp-content\/uploads\/2017\/04\/wickelei_400x600-200x300.jpg\" data-large-file=\"https:\/\/xn--wunderschn-mcb.info\/wp-content\/uploads\/2017\/04\/wickelei_400x600.jpg\" loading=\"lazy\" decoding=\"async\" class=\"alignnone size-medium wp-image-482\" src=\"https:\/\/xn--wunderschn-mcb.info\/wp-content\/uploads\/2017\/04\/wickelei_400x600-200x300.jpg\" alt=\"wickelei_400x600\" width=\"200\" height=\"300\" srcset=\"https:\/\/xn--wunderschn-mcb.info\/wp-content\/uploads\/2017\/04\/wickelei_400x600-200x300.jpg 200w, https:\/\/xn--wunderschn-mcb.info\/wp-content\/uploads\/2017\/04\/wickelei_400x600-230x345.jpg 230w, https:\/\/xn--wunderschn-mcb.info\/wp-content\/uploads\/2017\/04\/wickelei_400x600-350x525.jpg 350w, https:\/\/xn--wunderschn-mcb.info\/wp-content\/uploads\/2017\/04\/wickelei_400x600.jpg 400w\" sizes=\"auto, (max-width: 200px) 100vw, 200px\" \/><\/p>\n<p>&nbsp;<\/p>\n<h5 style=\"text-align: center;\">DER KLASSISCHE VITALWICKEL<\/h5>\n<p style=\"text-align: center;\">Die \u00c4GYPTOS-Behandlungsmethode hat ihren Ursprung im alten \u00c4gypten und greift auf wirksame Verfahren aus der Naturheilkunde zur\u00fcck. Bereits im Pharaonenreich waren Schlammpackungen und Salz aus dem Toten Meer beliebte Mittel zur K\u00f6rper- und Sch\u00f6nheitspflege. Wickel sind seit dem 19. Jahrhundert fester Bestandteil der Kneipp-Therapie und werden eingesetzt, um den K\u00f6rper zu reinigen und ins Gleichgewicht zu bringen. Diese unterschiedlichen Behandlungsans\u00e4tze mit wertvollen Inhaltsstoffen aus der Natur dienten schlie\u00dflich als Grundlage f\u00fcr die Entstehung des \u00c4GYPTOS Vitalwickels:<\/p>\n<p style=\"text-align: center;\"><em><strong>Eine Wellness-Behandlung, die nicht nur wohltuend und regenerierend ist, sondern den K\u00f6rper beim Entspannen in Form bringt.<\/strong><\/em><\/p>\n<p>&nbsp;<\/p>\n<h5 style=\"text-align: center;\">BESTE, NAT\u00dcRLICHE INHALTSSTOFFE<\/h5>\n<p style=\"text-align: center;\">Die \u00c4GYPTOS-Vitalerde enth\u00e4lt wertvolle Mineralstoffe und Spurenelemente. Das \u00c4GYPTOS-Salz kommt aus dem Safi-Tal, wo das Tote Meer am reinsten und der Magnesiumgehalt am h\u00f6chsten ist. Genau diese Zutaten und die Original Wickeltechnik machen diesen Vitalwickel einzigartig. Mehrere Baumwollbandagen werden in eine warme L\u00f6sung aus feiner \u00c4GYPTOS-Vitalerde, einem Totem Meer Salz und nat\u00fcrlichen Mineralien getr\u00e4nkt und anschliessend mit einer besonderen Wickel-Technik am K\u00f6rper angelegt. Die Baumwollbandagen sind angenehm warm (nicht heiss), elastisch und werden so locker gewickelt, dass man w\u00e4hrend der Behandlung wunderbar entspannen kann. Durch die besondere Wickeltechnik wird das Gewebe besonders an den Problemzonen gefestigt, dar\u00fcber hinaus werden die Durchblutung und der Stoffwechsel angeregt.<\/p>\n<p>&nbsp;<\/p>\n<p><img data-attachment-id=\"478\" data-permalink=\"https:\/\/xn--wunderschn-mcb.info\/?attachment_id=478\" data-orig-file=\"https:\/\/xn--wunderschn-mcb.info\/wp-content\/uploads\/2015\/10\/front-page_1920_blur5perc-e1502655063974.jpg\" data-orig-size=\"1550,1034\" data-comments-opened=\"0\" data-image-meta=\"{&quot;aperture&quot;:&quot;0&quot;,&quot;credit&quot;:&quot;&quot;,&quot;camera&quot;:&quot;&quot;,&quot;caption&quot;:&quot;&quot;,&quot;created_timestamp&quot;:&quot;0&quot;,&quot;copyright&quot;:&quot;&quot;,&quot;focal_length&quot;:&quot;0&quot;,&quot;iso&quot;:&quot;0&quot;,&quot;shutter_speed&quot;:&quot;0&quot;,&quot;title&quot;:&quot;&quot;,&quot;orientation&quot;:&quot;0&quot;}\" data-image-title=\"front page_1920_blur5perc\" data-image-description=\"\" data-image-caption=\"\" data-medium-file=\"https:\/\/xn--wunderschn-mcb.info\/wp-content\/uploads\/2015\/10\/front-page_1920_blur5perc-e1502655063974-300x200.jpg\" data-large-file=\"https:\/\/xn--wunderschn-mcb.info\/wp-content\/uploads\/2015\/10\/front-page_1920_blur5perc-e1502655063974-1024x683.jpg\" loading=\"lazy\" decoding=\"async\" class=\"size-medium wp-image-478 aligncenter\" src=\"https:\/\/xn--wunderschn-mcb.info\/wp-content\/uploads\/2015\/10\/front-page_1920_blur5perc-300x182.jpg\" alt=\"front page_1920_blur5perc\" width=\"300\" height=\"182\" \/><\/p>\n<\/div>\n<\/div><\/div><\/div><\/div><div id=\"pgc-402-0-2\"  class=\"panel-grid-cell panel-grid-cell-empty\" ><\/div><\/div><\/div><\/div>","protected":false},"excerpt":{"rendered":"<p>DEN K\u00d6RPER MIT DER SANFTEN KRAFT DER NATUR UMWICKELN Das Geheimnis der wohltuenden Sch\u00f6nheitsbehandlung durch Vitalwickel kannten schon die \u00c4gypter zu Zeiten [&hellip;]<\/p>\n","protected":false},"author":1,"featured_media":0,"parent":0,"menu_order":0,"comment_status":"closed","ping_status":"closed","template":"page-templates\/page_front-page.php","meta":{"footnotes":""},"class_list":["post-402","page","type-page","status-publish","hentry"],"jetpack_shortlink":"https:\/\/wp.me\/P6UnmH-6u","jetpack_sharing_enabled":true,"_links":{"self":[{"href":"https:\/\/xn--wunderschn-mcb.info\/index.php?rest_route=\/wp\/v2\/pages\/402","targetHints":{"allow":["GET"]}}],"collection":[{"href":"https:\/\/xn--wunderschn-mcb.info\/index.php?rest_route=\/wp\/v2\/pages"}],"about":[{"href":"https:\/\/xn--wunderschn-mcb.info\/index.php?rest_route=\/wp\/v2\/types\/page"}],"author":[{"embeddable":true,"href":"https:\/\/xn--wunderschn-mcb.info\/index.php?rest_route=\/wp\/v2\/users\/1"}],"replies":[{"embeddable":true,"href":"https:\/\/xn--wunderschn-mcb.info\/index.php?rest_route=%2Fwp%2Fv2%2Fcomments&post=402"}],"version-history":[{"count":77,"href":"https:\/\/xn--wunderschn-mcb.info\/index.php?rest_route=\/wp\/v2\/pages\/402\/revisions"}],"predecessor-version":[{"id":1180,"href":"https:\/\/xn--wunderschn-mcb.info\/index.php?rest_route=\/wp\/v2\/pages\/402\/revisions\/1180"}],"wp:attachment":[{"href":"https:\/\/xn--wunderschn-mcb.info\/index.php?rest_route=%2Fwp%2Fv2%2Fmedia&parent=402"}],"curies":[{"name":"wp","href":"https:\/\/api.w.org\/{rel}","templated":true}]}}