{"id":271,"date":"2015-11-20T22:05:18","date_gmt":"2015-11-20T21:05:18","guid":{"rendered":"http:\/\/xn--wunderschn-mcb.info\/?page_id=271"},"modified":"2024-10-26T18:52:44","modified_gmt":"2024-10-26T16:52:44","slug":"preise","status":"publish","type":"page","link":"https:\/\/xn--wunderschn-mcb.info\/?page_id=271","title":{"rendered":"Preise"},"content":{"rendered":"<div id=\"pl-271\"  class=\"panel-layout\" ><div id=\"pg-271-0\"  class=\"panel-grid panel-has-style\" ><div style=\"padding: 75px 0; \" data-overlay=\"true\" class=\"panel-row-style panel-row-style-for-271-0\" ><div id=\"pgc-271-0-0\"  class=\"panel-grid-cell panel-grid-cell-empty\" ><\/div><div id=\"pgc-271-0-1\"  class=\"panel-grid-cell panel-grid-cell-mobile-last\" ><div id=\"panel-271-0-1-0\" class=\"so-panel widget widget_sow-editor panel-first-child\" data-index=\"0\" ><div class=\"panel-widget-style panel-widget-style-for-271-0-1-0\" ><div\n\t\t\t\n\t\t\tclass=\"so-widget-sow-editor so-widget-sow-editor-base\"\n\t\t\t\n\t\t><h3 class=\"widget-title\">Behandlungsvielfalt<\/h3>\n<div class=\"siteorigin-widget-tinymce textwidget\">\n\t<p style=\"text-align: center;\"><strong><em>wundersch\u00f6n<\/em> Basic <\/strong>(ca. 60 Min.)<strong>\u00a0 \u00a075,- \u20ac<\/strong><br \/>\n<em>mit genau auf Ihre Haut abgestimmten Seren und Wirkstoffen, inkl. Reinigung, individuellem Peeling, Korrektur der Augenbrauen, leichtem Ausreinigen der Haut, Gesichtsmassage oder Spezialmaske, Abschlusspflege<br \/>\n<\/em><\/p>\n<p>&nbsp;<\/p>\n<p style=\"text-align: center;\"><strong><em>wundersch\u00f6n<\/em> Relax\u00a0<\/strong>(ca. 90 Min.)<strong>\u00a0 \u00a095,- \u20ac<\/strong><br \/>\n<em>G\u00f6nnen Sie sich den Luxus dieser Gesichtsbehandlung mit extra langer Massage. Es erwartet Sie: Welcome Ritual mit einer entspannenden Nackenmassage, Reinigung, individuelles Peeling, Korrektur der Augenbrauen, leichtes Ausreinigen der Haut, Wirkstoffkonzentrat, Gesichts- und Dekollet\u00e9massage, <\/em><em>Maske, leichtes Tages Make-up oder Tagespflege<br \/>\n<\/em><\/p>\n<p>&nbsp;<\/p>\n<p style=\"text-align: center;\"><strong>Young-Face Behandlung bei Problemhaut <\/strong>(ca. 50 Min.)<strong>\u00a0 \u00a053,- \u20ac<br \/>\n<\/strong><em>Reinigung, evtl. Bedampfung, Ausreinigen, ausgleichende Maske, Abschlu\u00dfpflege (auch als 10er Abo; nur f\u00fcr Sch\u00fcler und Studenten)<\/em><\/p>\n<p>&nbsp;<\/p>\n<p style=\"text-align: center;\"><strong>Herrenbehandlung <\/strong>(ca. 60 Min.)<strong>\u00a0 \u00a075,- \u20ac<\/strong><br \/>\n<em>Tiefenreinigung, Peeling, Augenbrauenkorrektur auf Wunsch, Ausreinigen, Gesichtsmassage, Maske, Abschlu\u00dfpflege<\/em><\/p>\n<p style=\"text-align: center;\"><em><strong>Selbstverst\u00e4ndlich k\u00f6nnen auch alle anderen Behandlungen f\u00fcr Herren gebucht werden!<\/strong><\/em><\/p>\n<p>&nbsp;<\/p>\n<p style=\"text-align: center;\"><strong>Gut zu wissen:<\/strong><\/p>\n<p style=\"text-align: center;\"><strong>\u2022<\/strong> Auf Wunsch k\u00f6nnen Wimpern und Brauen w\u00e4hrend der Behandlung gef\u00e4rbt werden<br \/>\n<strong>\u2022<\/strong> Neukunden erhalten bei ihrem ersten Besuch einen Rabatt von 20% auf die von mir empfohlenen Produkte<\/p>\n<\/div>\n<\/div><\/div><\/div><div id=\"panel-271-0-1-1\" class=\"so-panel widget widget_sow-editor\" data-index=\"1\" ><div\n\t\t\t\n\t\t\tclass=\"so-widget-sow-editor so-widget-sow-editor-base\"\n\t\t\t\n\t\t>\n<div class=\"siteorigin-widget-tinymce textwidget\">\n\t<p style=\"text-align: center;\">\u00a0<\/p>\n<p style=\"text-align: center;\">\u00a0<\/p>\n<\/div>\n<\/div><\/div><div id=\"panel-271-0-1-2\" class=\"so-panel widget widget_sow-editor\" data-index=\"2\" ><div class=\"panel-widget-style panel-widget-style-for-271-0-1-2\" ><div\n\t\t\t\n\t\t\tclass=\"so-widget-sow-editor so-widget-sow-editor-base\"\n\t\t\t\n\t\t><h3 class=\"widget-title\">Spezialbehandlungen<\/h3>\n<div class=\"siteorigin-widget-tinymce textwidget\">\n\t<p style=\"text-align: center;\"><strong>Micro Needling Komplettbehandlung\u00a0 \u00a0129,- \u20ac<\/strong><br \/>\n<em>inkl. Reinigungsphase, Tonisieren, Needling, Maskenphase, Restrukturierung und Abschlussphasse<\/em><\/p>\n<p>&nbsp;<\/p>\n<p style=\"text-align: center;\"><strong>Micro Needling\u00a0<\/strong><strong>4-Monatskur \"Optimal Glow\"\u00a0<\/strong>(Komplettbehandlung alle 4 Wochen)\u00a0 \u00a0<strong>469,- \u20ac<\/strong><br \/>\n<em>z.B. Porenverfeinerung, ebenm\u00e4\u00dfigeres Hautbild, leichte Straffungskur, allgemeine Verbesserung der Haut und Textur durch Verdickung der Epidermis<\/em><\/p>\n<p>&nbsp;<\/p>\n<p style=\"text-align: center;\"><strong>Micro Needling\u00a06-Monatskur \"Optimal Skin\"\u00a0<\/strong>(Komplettbehandlung alle 4 Wochen)\u00a0 \u00a0<strong>689,- \u20ac<\/strong><br \/>\n<em>z.B. Verminderung von Pigmentflecken, Verbesserung des Erscheinungsbildes von Narben durch Akne oder Windpocken etc., st\u00e4rkere Straffungskur, Konturen-Lifting und Festigung<\/em><\/p>\n<p>&nbsp;<\/p>\n<p style=\"text-align: center;\"><strong>MikroDermabrasion Luxus-Komplettbehandlung \u00a0 119,- <\/strong><strong>\u20ac<\/strong><br \/>\n<em>inkl. Reinigung, MicroSilver Peeling, Diamant MikroDermabrasion, Einschleusen von Hyaluron Wirkstoffserum mit Ultraschall, Maske und Abschlusspflege mit Augen- und Lippenpflege<\/em><\/p>\n<p>&nbsp;<\/p>\n<p style=\"text-align: center;\"><strong>coldPLASMA Anti-Aging oder Couperose Behandlung \u00a0 89,- \u20ac<\/strong><br \/>\n<em>inkl. Reinigungsphase, Peeling, coldPLASMA, Wirkstoffphase, Maske und Abschlussphase<\/em><\/p>\n<p>&nbsp;<\/p>\n<p style=\"text-align: center;\"><strong>Collagen Matrix-Maske f\u00fcr anspruchsvolle Haut <\/strong>(ca. 90 Min.)<strong>\u00a0 \u00a0109,- \u20ac\u00a0 <\/strong>(inkl. Ultraschall: <strong>119,- \u20ac<\/strong>)<br \/>\n<em>Nackenmassage, Hautdiagnose,Reinigung, Peeling, Augenbrauenkorrektur, Ausreinigen, individuelle Wirkstoffampulle und Vliesmaske , Intensivmassage von Gesicht, Hals und Dekollet\u00e9, Maske, leichtes Tages Make-up oder Tagespflege<\/em><\/p>\n<p>&nbsp;<\/p>\n<p style=\"text-align: center;\"><strong>White Baltic Gold\u2026 das wei\u00dfe Gold des Nordens\u00a0 \u00a0105,- \u20ac<\/strong><br \/>\n<em>Reisen Sie mit mir auf die Insel R\u00fcgen. Das schneewei\u00dfe, allergenfreie Mineral, abgebaut an den Kreidefelsen R\u00fcgens, in feincremiger Struktur, hat in Kombination mit fein gemahlenem Bernstein, nat\u00fcrlichen \u00d6len aus Hanfsamen und Sanddornfruchtfleisch eine ausgleichende Wirkung auf den S\u00e4ure-Basen-Haushalt des K\u00f6rpers. Abgestimmt auf Ihren Hautzustand verwende ich nur hochwirksame Zusatzprodukte. Die Behandlung wirkt hautbildverbessernd, entz\u00fcndungshemmend\/heilungsf\u00f6rdernd, Bindegewebe festigend, beruhigend, entstauend und entspannend. Diese Behandlung beinhaltet die Premium - Gesichts- und Dekollet\u00e9behandlung.<br \/>\n<strong>Wohlf\u00fchlen garantiert!<\/strong><\/em><\/p>\n<p>&nbsp;<\/p>\n<blockquote>\n<p style=\"text-align: center;\">Viele weitere abwechslungsreiche Spezialbehandlungen auf den jeweiligen Hautzustand und die Jahreszeit abgestimmt. Lassen Sie sich \u00fcberraschen!<\/p>\n<\/blockquote>\n<\/div>\n<\/div><\/div><\/div><div id=\"panel-271-0-1-3\" class=\"so-panel widget widget_sow-editor\" data-index=\"3\" ><div\n\t\t\t\n\t\t\tclass=\"so-widget-sow-editor so-widget-sow-editor-base\"\n\t\t\t\n\t\t>\n<div class=\"siteorigin-widget-tinymce textwidget\">\n\t<p style=\"text-align: center;\">\u00a0<\/p>\n<p style=\"text-align: center;\">\u00a0<\/p>\n<\/div>\n<\/div><\/div><div id=\"panel-271-0-1-4\" class=\"so-panel widget widget_sow-editor\" data-index=\"4\" ><div class=\"panel-widget-style panel-widget-style-for-271-0-1-4\" ><div\n\t\t\t\n\t\t\tclass=\"so-widget-sow-editor so-widget-sow-editor-base\"\n\t\t\t\n\t\t><h3 class=\"widget-title\">Zusatzleistungen<\/h3>\n<div class=\"siteorigin-widget-tinymce textwidget\">\n\t<p style=\"text-align: center;\"><strong>Wimpern f\u00e4rben\u00a0 \u00a014,- \u20ac\u00a0 \u00a0\/\u00a0 \u00a0au\u00dferhalb der Behandlung \u00a0 18,- \u20ac<\/strong><\/p>\n<p style=\"text-align: center;\"><strong>Brauen f\u00e4rben\u00a0 \u00a010,- \u20ac\u00a0 \u00a0\/\u00a0 \u00a0au\u00dferhalb der Behandlung\u00a0 \u00a015,- \u20ac<\/strong><\/p>\n<p style=\"text-align: center;\"><strong>Wimpern und Brauen f\u00e4rben \u00a0 20,- \u20ac\u00a0 \u00a0\/\u00a0 \u00a0au\u00dferhalb der Behandlung \u00a0 30,- \u20ac<\/strong><\/p>\n<p style=\"text-align: center;\"><strong>Augenbrauen zupfen au\u00dferhalb der Behandlung \u00a0 12,- \u20ac <\/strong><\/p>\n<p style=\"text-align: center;\"><strong>Wirkstoffampulle \u00a0 ab 8,- \u20ac <\/strong><\/p>\n<p style=\"text-align: center;\"><strong>Augenbehandlung mit Collagen-Matrix\u00a0 \u00a025,- \u20ac <\/strong><\/p>\n<p style=\"text-align: center;\"><strong>Augenbehandlung Deluxe - inkl. Lifting-Serum und Maske \u00a0 29,- \u20ac<\/strong><\/p>\n<p style=\"text-align: center;\"><strong>Hals- und Dekollet\u00e9behandlung \u00a0 25,- \u20ac <\/strong><\/p>\n<\/div>\n<\/div><\/div><\/div><div id=\"panel-271-0-1-5\" class=\"so-panel widget widget_sow-editor\" data-index=\"5\" ><div\n\t\t\t\n\t\t\tclass=\"so-widget-sow-editor so-widget-sow-editor-base\"\n\t\t\t\n\t\t>\n<div class=\"siteorigin-widget-tinymce textwidget\">\n\t<p style=\"text-align: center;\">\u00a0<\/p>\n<p style=\"text-align: center;\">\u00a0<\/p>\n<\/div>\n<\/div><\/div><div id=\"panel-271-0-1-6\" class=\"so-panel widget widget_sow-editor\" data-index=\"6\" ><div class=\"panel-widget-style panel-widget-style-for-271-0-1-6\" ><div\n\t\t\t\n\t\t\tclass=\"so-widget-sow-editor so-widget-sow-editor-base\"\n\t\t\t\n\t\t><h3 class=\"widget-title\">Make-up<\/h3>\n<div class=\"siteorigin-widget-tinymce textwidget\">\n\t<p style=\"text-align: center;\"><strong>Tages Make-up\u00a0 \u00a025,- \u20ac <\/strong><\/p>\n<p style=\"text-align: center;\"><strong>Abend Make-up \u00a0 ab 35,- \u20ac <\/strong><\/p>\n<\/div>\n<\/div><\/div><\/div><div id=\"panel-271-0-1-7\" class=\"so-panel widget widget_sow-editor\" data-index=\"7\" ><div\n\t\t\t\n\t\t\tclass=\"so-widget-sow-editor so-widget-sow-editor-base\"\n\t\t\t\n\t\t>\n<div class=\"siteorigin-widget-tinymce textwidget\">\n\t<p style=\"text-align: center;\">\u00a0<\/p>\n<p style=\"text-align: center;\">\u00a0<\/p>\n<\/div>\n<\/div><\/div><div id=\"panel-271-0-1-8\" class=\"so-panel widget widget_sow-editor\" data-index=\"8\" ><div class=\"panel-widget-style panel-widget-style-for-271-0-1-8\" ><div\n\t\t\t\n\t\t\tclass=\"so-widget-sow-editor so-widget-sow-editor-base\"\n\t\t\t\n\t\t><h3 class=\"widget-title\">Sch\u00f6ne F\u00fc\u00dfe<\/h3>\n<div class=\"siteorigin-widget-tinymce textwidget\">\n\t<p style=\"text-align: center;\"><strong>Wellness-Pedik\u00fcre <\/strong>(ca. 50 Min.)<strong>\u00a0 \u00a0 52,- \u20ac<br \/>\n<\/strong><em>inkl. Fu\u00dfbad und Massage<\/em><\/p>\n<p>&nbsp;<\/p>\n<p style=\"text-align: center;\"><strong>mit O.P.I. Lack <\/strong>(ca. 20 Min.)<strong>\u00a0 \u00a012,- \u20ac<\/strong><br \/>\n<em>inkl. Unterlack, 2x Farblack und \u00dcberlack<\/em><\/p>\n<p>&nbsp;<\/p>\n<p style=\"text-align: center;\"><strong>mit Nagellack Entfernung<\/strong><strong>\u00a0 \u00a03,- \u20ac<\/strong><\/p>\n<\/div>\n<\/div><\/div><\/div><div id=\"panel-271-0-1-9\" class=\"so-panel widget widget_sow-editor\" data-index=\"9\" ><div\n\t\t\t\n\t\t\tclass=\"so-widget-sow-editor so-widget-sow-editor-base\"\n\t\t\t\n\t\t>\n<div class=\"siteorigin-widget-tinymce textwidget\">\n\t<p style=\"text-align: center;\">\u00a0<\/p>\n<p style=\"text-align: center;\">\u00a0<\/p>\n<\/div>\n<\/div><\/div><div id=\"panel-271-0-1-10\" class=\"so-panel widget widget_sow-editor\" data-index=\"10\" ><div class=\"panel-widget-style panel-widget-style-for-271-0-1-10\" ><div\n\t\t\t\n\t\t\tclass=\"so-widget-sow-editor so-widget-sow-editor-base\"\n\t\t\t\n\t\t><h3 class=\"widget-title\">Sugaring<\/h3>\n<div class=\"siteorigin-widget-tinymce textwidget\">\n\t<p style=\"text-align: center;\">Sugaring ist eine sanfte und schonende Art der Depilation, der Haarentfernung. Im Orient praktizieren es die Frauen seit Jahrtausenden und auch bei uns ist Sugaring auf dem Vormarsch. Beim Sugaring wird k\u00f6rperwarme Zuckerpaste <span style=\"text-decoration: underline;\">gegen<\/span> die Haarwuchsrichtung aufgetragen und dann <span style=\"text-decoration: underline;\">mit<\/span> der\u00a0Wuchsrichtung wieder abgezogen. So k\u00f6nnen auch sehr kurze Haare entfernt werden. Die Bestandteile von Beauty Sugar sind 100% nat\u00fcrlich: Meine Zuckerpasten bestehen aus Zucker, Zitronensaft und Wasser und sind daher auch f\u00fcr empfindliche Hauttypen geeignet.<\/p>\n<p style=\"text-align: center;\"><strong>\u00a0Beine \u00a0 ab 35,- \u20ac <\/strong><\/p>\n<p style=\"text-align: center;\"><strong>Arme \u00a0 ab 25,- \u20ac <\/strong><\/p>\n<p style=\"text-align: center;\"><strong>R\u00fccken \u00a0 ab 40,- \u20ac <\/strong><\/p>\n<p style=\"text-align: center;\"><strong>Gesicht \u00a0 ab 10,- \u20ac <\/strong><\/p>\n<p style=\"text-align: center;\">\n<\/div>\n<\/div><\/div><\/div><div id=\"panel-271-0-1-11\" class=\"so-panel widget widget_sow-editor\" data-index=\"11\" ><div\n\t\t\t\n\t\t\tclass=\"so-widget-sow-editor so-widget-sow-editor-base\"\n\t\t\t\n\t\t>\n<div class=\"siteorigin-widget-tinymce textwidget\">\n\t<p style=\"text-align: center;\">\u00a0<\/p>\n<p style=\"text-align: center;\">\u00a0<\/p>\n<\/div>\n<\/div><\/div><div id=\"panel-271-0-1-12\" class=\"so-panel widget widget_sow-editor panel-last-child\" data-index=\"12\" ><div class=\"panel-widget-style panel-widget-style-for-271-0-1-12\" ><div\n\t\t\t\n\t\t\tclass=\"so-widget-sow-editor so-widget-sow-editor-base\"\n\t\t\t\n\t\t><h3 class=\"widget-title\">Hinweis<\/h3>\n<div class=\"siteorigin-widget-tinymce textwidget\">\n\t<blockquote>\n<p style=\"text-align: center;\">Ich m\u00f6chte Sie darum bitten, mir so rechtzeitig wie m\u00f6glich Bescheid zu geben, falls Ihnen einmal etwas dazwischen kommt, damit ich die M\u00f6glichkeit habe, den Termin einem anderen Kunden anzubieten. Sie k\u00f6nnen Ihren Termin bis zu 24 Stunden vor Beginn der Behandlung kostenlos stornieren. Bitte haben Sie Verst\u00e4ndnis, dass ich mir bei einer sp\u00e4teren Absage erlaube, 50% des Behandlungspreises zu berechnen, falls ich den Termin nicht weitergeben kann. Bei Nichterscheinen berechne ich 100 % der gebuchten Behandlung.<\/p>\n<\/blockquote>\n<\/div>\n<\/div><\/div><\/div><\/div><div id=\"pgc-271-0-2\"  class=\"panel-grid-cell panel-grid-cell-empty\" ><\/div><\/div><\/div><\/div>","protected":false},"excerpt":{"rendered":"<p>wundersch\u00f6n Basic (ca. 60 Min.)\u00a0 \u00a075,- \u20ac mit genau auf Ihre Haut abgestimmten Seren und Wirkstoffen, inkl. Reinigung, individuellem Peeling, Korrektur der [&hellip;]<\/p>\n","protected":false},"author":1,"featured_media":0,"parent":0,"menu_order":0,"comment_status":"closed","ping_status":"closed","template":"page-templates\/page_front-page.php","meta":{"footnotes":""},"class_list":["post-271","page","type-page","status-publish","hentry"],"jetpack_shortlink":"https:\/\/wp.me\/P6UnmH-4n","jetpack_sharing_enabled":true,"_links":{"self":[{"href":"https:\/\/xn--wunderschn-mcb.info\/index.php?rest_route=\/wp\/v2\/pages\/271","targetHints":{"allow":["GET"]}}],"collection":[{"href":"https:\/\/xn--wunderschn-mcb.info\/index.php?rest_route=\/wp\/v2\/pages"}],"about":[{"href":"https:\/\/xn--wunderschn-mcb.info\/index.php?rest_route=\/wp\/v2\/types\/page"}],"author":[{"embeddable":true,"href":"https:\/\/xn--wunderschn-mcb.info\/index.php?rest_route=\/wp\/v2\/users\/1"}],"replies":[{"embeddable":true,"href":"https:\/\/xn--wunderschn-mcb.info\/index.php?rest_route=%2Fwp%2Fv2%2Fcomments&post=271"}],"version-history":[{"count":81,"href":"https:\/\/xn--wunderschn-mcb.info\/index.php?rest_route=\/wp\/v2\/pages\/271\/revisions"}],"predecessor-version":[{"id":1184,"href":"https:\/\/xn--wunderschn-mcb.info\/index.php?rest_route=\/wp\/v2\/pages\/271\/revisions\/1184"}],"wp:attachment":[{"href":"https:\/\/xn--wunderschn-mcb.info\/index.php?rest_route=%2Fwp%2Fv2%2Fmedia&parent=271"}],"curies":[{"name":"wp","href":"https:\/\/api.w.org\/{rel}","templated":true}]}}