{"id":22,"date":"2015-10-04T22:38:52","date_gmt":"2015-10-04T20:38:52","guid":{"rendered":"http:\/\/xn--wunderschn-mcb.info\/?page_id=22"},"modified":"2025-12-12T17:00:00","modified_gmt":"2025-12-12T16:00:00","slug":"startseite","status":"publish","type":"page","link":"https:\/\/xn--wunderschn-mcb.info\/","title":{"rendered":"Startseite"},"content":{"rendered":"<div id=\"pl-22\"  class=\"panel-layout\" ><div id=\"pg-22-0\"  class=\"panel-grid panel-has-style\" ><div style=\"padding: 26px 0; \" data-overlay=\"true\" class=\"panel-row-style panel-row-style-for-22-0\" ><div id=\"pgc-22-0-0\"  class=\"panel-grid-cell panel-grid-cell-empty\" ><\/div><\/div><\/div><div id=\"pg-22-1\"  class=\"panel-grid panel-has-style\" ><div style=\"padding: 0px 0; \" data-overlay=\"true\" class=\"panel-row-style panel-row-style-for-22-1\" ><div id=\"pgc-22-1-0\"  class=\"panel-grid-cell panel-grid-cell-empty\" ><\/div><div id=\"pgc-22-1-1\"  class=\"panel-grid-cell panel-grid-cell-mobile-last\" ><div id=\"panel-22-1-1-0\" class=\"so-panel widget widget_sow-editor panel-first-child panel-last-child\" data-index=\"0\" ><div style=\"text-align: left;\" data-title-color=\"#443f3f\" data-headings-color=\"#443f3f\" class=\"panel-widget-style panel-widget-style-for-22-1-1-0\" ><div\n\t\t\t\n\t\t\tclass=\"so-widget-sow-editor so-widget-sow-editor-base\"\n\t\t\t\n\t\t><h3 class=\"widget-title\">Herzlich willkommen!<\/h3>\n<div class=\"siteorigin-widget-tinymce textwidget\">\n\t<p style=\"text-align: center;\">Herzlich willkommen\u00a0bei <span style=\"color: #81335a;\"><strong>WUNDERSCH\u00d6N<\/strong> <\/span>Medical Beauty &amp; Wellness in Mechtersen.<\/p>\n<p style=\"text-align: center;\">Tauchen Sie ein in die faszinierende Welt von Pflege und Sch\u00f6nheit.\u00a0Ich biete Ihnen in meinem Kosmetikstudio Gesichts- und K\u00f6rperbehandlungen zum Wohlf\u00fchlen und Entspannen an. Verw\u00f6hnen Sie Ihre Haut mit den wertvollen Inhaltsstoffen der exklusiven Kosmetikmarken <span style=\"text-decoration: underline;\"><strong><a href=\"https:\/\/xn--wunderschn-mcb.info\/?page_id=209\">Dr. Rimpler und Isabelle Lancray Paris<\/a><\/strong><\/span>\u00a0und erfahren Sie die Vorz\u00fcge modernster <a href=\"https:\/\/xn--wunderschn-mcb.info\/?page_id=534\"><span style=\"text-decoration: underline;\"><strong>Apparativer Kosmetik\u00a0mit Ger\u00e4ten von CNC cosmetic<\/strong><\/span><\/a>.<\/p>\n<p style=\"text-align: center;\">Genie\u00dfen Sie eine Auszeit im idyllischen Reiterdorf Mechtersen, nur 5 Minuten von L\u00fcneburg entfernt. Ich freue mich auf Sie!<\/p>\n<p style=\"text-align: center;\">Herzlichst, Ihre<br \/>\n<img data-attachment-id=\"794\" data-permalink=\"https:\/\/xn--wunderschn-mcb.info\/?attachment_id=794\" data-orig-file=\"https:\/\/xn--wunderschn-mcb.info\/wp-content\/uploads\/2015\/10\/Unterschrift_trans-e1583521232569.png\" data-orig-size=\"1722,361\" data-comments-opened=\"0\" data-image-meta=\"{&quot;aperture&quot;:&quot;0&quot;,&quot;credit&quot;:&quot;&quot;,&quot;camera&quot;:&quot;&quot;,&quot;caption&quot;:&quot;&quot;,&quot;created_timestamp&quot;:&quot;0&quot;,&quot;copyright&quot;:&quot;&quot;,&quot;focal_length&quot;:&quot;0&quot;,&quot;iso&quot;:&quot;0&quot;,&quot;shutter_speed&quot;:&quot;0&quot;,&quot;title&quot;:&quot;&quot;,&quot;orientation&quot;:&quot;0&quot;}\" data-image-title=\"Unterschrift_trans\" data-image-description=\"\" data-image-caption=\"\" data-medium-file=\"https:\/\/xn--wunderschn-mcb.info\/wp-content\/uploads\/2015\/10\/Unterschrift_trans-e1583521232569-300x63.png\" data-large-file=\"https:\/\/xn--wunderschn-mcb.info\/wp-content\/uploads\/2015\/10\/Unterschrift_trans-e1583521232569-1024x215.png\" loading=\"lazy\" decoding=\"async\" class=\"wp-image-794 aligncenter\" src=\"https:\/\/xn--wunderschn-mcb.info\/wp-content\/uploads\/2015\/10\/Unterschrift_trans-300x70.png\" alt=\"Unterschrift_trans\" width=\"200\" height=\"47\" \/><\/p>\n<p style=\"text-align: center;\">\n<\/p><\/div>\n<\/div><\/div><\/div><\/div><div id=\"pgc-22-1-2\"  class=\"panel-grid-cell panel-grid-cell-empty\" ><\/div><\/div><\/div><div id=\"pg-22-2\"  class=\"panel-grid panel-has-style\" ><div style=\"padding: 8px 0; \" data-overlay=\"true\" data-overlay-color=\"#000000\" class=\"panel-row-style panel-row-style-for-22-2\" ><div id=\"pgc-22-2-0\"  class=\"panel-grid-cell panel-grid-cell-empty\" ><\/div><div id=\"pgc-22-2-1\"  class=\"panel-grid-cell\" ><div id=\"panel-22-2-1-0\" class=\"so-panel widget widget_sow-button panel-first-child panel-last-child\" data-index=\"1\" ><div\n\t\t\t\n\t\t\tclass=\"so-widget-sow-button so-widget-sow-button-flat-1130ff4fff73-22\"\n\t\t\t\n\t\t><div class=\"ow-button-base ow-button-align-center\">\n\t\t\t<a\n\t\t\t\t\thref=\"https:\/\/wunderschoen-medical-beauty.salonized.com\/widget_bookings\/new\"\n\t\t\t\t\tclass=\"sowb-button ow-icon-placement-left ow-button-hover\" target=\"_blank\" rel=\"noopener noreferrer\" \t>\n\t\t<span>\n\t\t\t<span class=\"sow-icon-fontawesome sow-far\" data-sow-icon=\"&#xf271;\"\n\t\tstyle=\"\" \n\t\taria-hidden=\"true\"><\/span>\n\t\t\tTermin buchen\t\t<\/span>\n\t\t\t<\/a>\n\t<\/div>\n<\/div><\/div><\/div><div id=\"pgc-22-2-2\"  class=\"panel-grid-cell panel-grid-cell-mobile-last\" ><div id=\"panel-22-2-2-0\" class=\"so-panel widget widget_sow-button panel-first-child panel-last-child\" data-index=\"2\" ><div style=\"text-align: left;\" data-title-color=\"#443f3f\" data-headings-color=\"#443f3f\" class=\"panel-widget-style panel-widget-style-for-22-2-2-0\" ><div\n\t\t\t\n\t\t\tclass=\"so-widget-sow-button so-widget-sow-button-flat-a8fa06f7762f-22\"\n\t\t\t\n\t\t><div class=\"ow-button-base ow-button-align-center\">\n\t\t\t<a\n\t\t\t\t\thref=\"https:\/\/wunderschoen-medical-beauty.salonized.com\/widget_giftcards\/new\"\n\t\t\t\t\tclass=\"sowb-button ow-icon-placement-left ow-button-hover\" target=\"_blank\" rel=\"noopener noreferrer\" \t>\n\t\t<span>\n\t\t\t<span class=\"sow-icon-fontawesome sow-far\" data-sow-icon=\"&#xf09d;\"\n\t\tstyle=\"\" \n\t\taria-hidden=\"true\"><\/span>\n\t\t\tGutschein\t\t<\/span>\n\t\t\t<\/a>\n\t<\/div>\n<\/div><\/div><\/div><\/div><div id=\"pgc-22-2-3\"  class=\"panel-grid-cell panel-grid-cell-empty\" ><\/div><\/div><\/div><div id=\"pg-22-3\"  class=\"panel-grid panel-has-style\" ><div style=\"padding: 26px 0; \" data-overlay=\"true\" class=\"panel-row-style panel-row-style-for-22-3\" ><div id=\"pgc-22-3-0\"  class=\"panel-grid-cell panel-grid-cell-empty\" ><\/div><\/div><\/div><div id=\"pg-22-4\"  class=\"panel-grid panel-has-style\" ><div class=\"mob-pad-0 panel-row-style panel-row-style-for-22-4\" style=\"padding: 0px 0; \" data-overlay=\"true\" ><div id=\"pgc-22-4-0\"  class=\"panel-grid-cell\" ><div id=\"panel-22-4-0-0\" class=\"so-panel widget widget_sow-editor panel-first-child panel-last-child\" data-index=\"3\" ><div\n\t\t\t\n\t\t\tclass=\"so-widget-sow-editor so-widget-sow-editor-base\"\n\t\t\t\n\t\t><h3 class=\"widget-title\">Neueste Behandlungsmethoden<\/h3>\n<div class=\"siteorigin-widget-tinymce textwidget\">\n\t<\/div>\n<\/div><\/div><\/div><\/div><\/div><div id=\"pg-22-5\"  class=\"panel-grid panel-has-style\" ><div style=\"text-align: center;padding: 0px 0; \" data-overlay=\"true\" class=\"panel-row-style panel-row-style-for-22-5\" ><div id=\"pgc-22-5-0\"  class=\"panel-grid-cell\" ><div id=\"panel-22-5-0-0\" class=\"so-panel widget widget_sow-editor panel-first-child panel-last-child\" data-index=\"4\" ><div class=\"panel-widget-style panel-widget-style-for-22-5-0-0\" ><div\n\t\t\t\n\t\t\tclass=\"so-widget-sow-editor so-widget-sow-editor-base\"\n\t\t\t\n\t\t>\n<div class=\"siteorigin-widget-tinymce textwidget\">\n\t<p><a href=\"https:\/\/xn--wunderschn-mcb.info\/?page_id=585\"><img data-attachment-id=\"638\" data-permalink=\"https:\/\/xn--wunderschn-mcb.info\/?attachment_id=638\" data-orig-file=\"https:\/\/xn--wunderschn-mcb.info\/wp-content\/uploads\/2015\/10\/coldplasma-front_2.jpg\" data-orig-size=\"497,383\" data-comments-opened=\"0\" data-image-meta=\"{&quot;aperture&quot;:&quot;0&quot;,&quot;credit&quot;:&quot;&quot;,&quot;camera&quot;:&quot;&quot;,&quot;caption&quot;:&quot;&quot;,&quot;created_timestamp&quot;:&quot;0&quot;,&quot;copyright&quot;:&quot;&quot;,&quot;focal_length&quot;:&quot;0&quot;,&quot;iso&quot;:&quot;0&quot;,&quot;shutter_speed&quot;:&quot;0&quot;,&quot;title&quot;:&quot;&quot;,&quot;orientation&quot;:&quot;0&quot;}\" data-image-title=\"coldplasma front_2\" data-image-description=\"\" data-image-caption=\"\" data-medium-file=\"https:\/\/xn--wunderschn-mcb.info\/wp-content\/uploads\/2015\/10\/coldplasma-front_2-300x231.jpg\" data-large-file=\"https:\/\/xn--wunderschn-mcb.info\/wp-content\/uploads\/2015\/10\/coldplasma-front_2.jpg\" loading=\"lazy\" decoding=\"async\" class=\"alignnone wp-image-638 size-full\" src=\"https:\/\/xn--wunderschn-mcb.info\/wp-content\/uploads\/2015\/10\/coldplasma-front_2.jpg\" alt=\"\" width=\"497\" height=\"383\" srcset=\"https:\/\/xn--wunderschn-mcb.info\/wp-content\/uploads\/2015\/10\/coldplasma-front_2.jpg 497w, https:\/\/xn--wunderschn-mcb.info\/wp-content\/uploads\/2015\/10\/coldplasma-front_2-300x231.jpg 300w, https:\/\/xn--wunderschn-mcb.info\/wp-content\/uploads\/2015\/10\/coldplasma-front_2-230x177.jpg 230w, https:\/\/xn--wunderschn-mcb.info\/wp-content\/uploads\/2015\/10\/coldplasma-front_2-350x270.jpg 350w\" sizes=\"auto, (max-width: 497px) 100vw, 497px\" \/><\/a><\/p>\n<h6><a href=\"https:\/\/xn--wunderschn-mcb.info\/?page_id=585\"><br \/>coldPLASMA<br \/><\/a><\/h6>\n<p>Als innovatives Kosmetikinstitut bin ich f\u00fcr Sie immer auf der Suche nach den neuesten und effektivsten Behandlungsmethoden. Die absolut schmerzfreie <strong>coldPLASMA<\/strong> Behandlung ist eine revolution\u00e4re, durch Wirksamkeits-Studien belegte Methode, um ein breites Spektrum von Hautproblemen rasch und zuverl\u00e4ssig zu behandeln. Maximale Behandlungserfolge, die bisher nur durch medizinische Anwendungen erreicht wurden, sind jetzt auch in meinem Kosmetikinstitut m\u00f6glich!<\/p>\n<p><span style=\"text-decoration: underline;\"><a href=\"https:\/\/xn--wunderschn-mcb.info\/?page_id=585\">Mehr erfahren...<\/a><\/span><\/p>\n<\/div>\n<\/div><\/div><\/div><\/div><div id=\"pgc-22-5-1\"  class=\"panel-grid-cell\" ><div id=\"panel-22-5-1-0\" class=\"so-panel widget widget_sow-editor panel-first-child panel-last-child\" data-index=\"5\" ><div class=\"panel-widget-style panel-widget-style-for-22-5-1-0\" ><div\n\t\t\t\n\t\t\tclass=\"so-widget-sow-editor so-widget-sow-editor-base\"\n\t\t\t\n\t\t>\n<div class=\"siteorigin-widget-tinymce textwidget\">\n\t<p><a href=\"https:\/\/xn--wunderschn-mcb.info\/?page_id=615\"><img data-attachment-id=\"640\" data-permalink=\"https:\/\/xn--wunderschn-mcb.info\/?attachment_id=640\" data-orig-file=\"https:\/\/xn--wunderschn-mcb.info\/wp-content\/uploads\/2015\/10\/micro-needling-front.jpg\" data-orig-size=\"497,383\" data-comments-opened=\"0\" data-image-meta=\"{&quot;aperture&quot;:&quot;0&quot;,&quot;credit&quot;:&quot;&quot;,&quot;camera&quot;:&quot;&quot;,&quot;caption&quot;:&quot;&quot;,&quot;created_timestamp&quot;:&quot;0&quot;,&quot;copyright&quot;:&quot;&quot;,&quot;focal_length&quot;:&quot;0&quot;,&quot;iso&quot;:&quot;0&quot;,&quot;shutter_speed&quot;:&quot;0&quot;,&quot;title&quot;:&quot;&quot;,&quot;orientation&quot;:&quot;0&quot;}\" data-image-title=\"micro needling front\" data-image-description=\"\" data-image-caption=\"\" data-medium-file=\"https:\/\/xn--wunderschn-mcb.info\/wp-content\/uploads\/2015\/10\/micro-needling-front-300x231.jpg\" data-large-file=\"https:\/\/xn--wunderschn-mcb.info\/wp-content\/uploads\/2015\/10\/micro-needling-front.jpg\" loading=\"lazy\" decoding=\"async\" class=\"alignnone wp-image-640 size-full\" src=\"https:\/\/xn--wunderschn-mcb.info\/wp-content\/uploads\/2015\/10\/micro-needling-front.jpg\" alt=\"\" width=\"497\" height=\"383\" srcset=\"https:\/\/xn--wunderschn-mcb.info\/wp-content\/uploads\/2015\/10\/micro-needling-front.jpg 497w, https:\/\/xn--wunderschn-mcb.info\/wp-content\/uploads\/2015\/10\/micro-needling-front-300x231.jpg 300w, https:\/\/xn--wunderschn-mcb.info\/wp-content\/uploads\/2015\/10\/micro-needling-front-230x177.jpg 230w, https:\/\/xn--wunderschn-mcb.info\/wp-content\/uploads\/2015\/10\/micro-needling-front-350x270.jpg 350w\" sizes=\"auto, (max-width: 497px) 100vw, 497px\" \/><\/a><\/p>\n<h6><a href=\"https:\/\/xn--wunderschn-mcb.info\/?page_id=615\"><br \/>Micro Needling<br \/><\/a><\/h6>\n<p>Das <strong>Micro Needling<\/strong> ist ein sehr erfolgreiches Verfahren im Bereich der Anti-Aging- und Problemhaut-Behandlungen. Es ist eine spezielle Methode, die Neuproduktion von Kollagen und Elastin sowie die Aussch\u00fcttung von Hyalurons\u00e4ure zu aktivieren. Die Hautstruktur wird durch den nat\u00fcrlichen Prozess der Heilung und Regeneration gest\u00e4rkt und gefestigt. Die sensationellen, schnell sichtbaren und sp\u00fcrbaren Ergebnisse sprechen f\u00fcr sich. Sie werden begeistert sein!<\/p>\n<p><span style=\"text-decoration: underline;\"><a href=\"https:\/\/xn--wunderschn-mcb.info\/?page_id=615\">Mehr erfahren...<\/a><\/span><\/p>\n<\/div>\n<\/div><\/div><\/div><\/div><\/div><\/div><div id=\"pg-22-6\"  class=\"panel-grid panel-has-style\" ><div style=\"padding: 26px 0; \" data-overlay=\"true\" class=\"panel-row-style panel-row-style-for-22-6\" ><div id=\"pgc-22-6-0\"  class=\"panel-grid-cell panel-grid-cell-empty\" ><\/div><\/div><\/div><div id=\"pg-22-7\"  class=\"panel-grid panel-has-style\" ><div class=\"mob-pad-0 panel-row-style panel-row-style-for-22-7\" style=\"padding: 0px 0; \" data-overlay=\"true\" ><div id=\"pgc-22-7-0\"  class=\"panel-grid-cell\" ><div id=\"panel-22-7-0-0\" class=\"so-panel widget widget_sow-editor panel-first-child panel-last-child\" data-index=\"6\" ><div\n\t\t\t\n\t\t\tclass=\"so-widget-sow-editor so-widget-sow-editor-base\"\n\t\t\t\n\t\t><h3 class=\"widget-title\">Mein Angebot<\/h3>\n<div class=\"siteorigin-widget-tinymce textwidget\">\n\t<\/div>\n<\/div><\/div><\/div><\/div><\/div><div id=\"pg-22-8\"  class=\"panel-grid panel-has-style\" ><div style=\"text-align: center;padding: 0px 0; \" data-overlay=\"true\" data-overlay-color=\"#000000\" class=\"panel-row-style panel-row-style-for-22-8\" ><div id=\"pgc-22-8-0\"  class=\"panel-grid-cell panel-grid-cell-empty\" ><\/div><div id=\"pgc-22-8-1\"  class=\"panel-grid-cell\" ><div id=\"panel-22-8-1-0\" class=\"so-panel widget widget_sow-editor panel-first-child panel-last-child\" data-index=\"7\" ><div style=\"text-align: left;\" data-title-color=\"#443f3f\" data-headings-color=\"#443f3f\" class=\"panel-widget-style panel-widget-style-for-22-8-1-0\" ><div\n\t\t\t\n\t\t\tclass=\"so-widget-sow-editor so-widget-sow-editor-base\"\n\t\t\t\n\t\t>\n<div class=\"siteorigin-widget-tinymce textwidget\">\n\t<p><a href=\"https:\/\/xn--wunderschn-mcb.info\/?page_id=271\"><img data-attachment-id=\"13\" data-permalink=\"https:\/\/xn--wunderschn-mcb.info\/?attachment_id=13\" data-orig-file=\"https:\/\/xn--wunderschn-mcb.info\/wp-content\/uploads\/2015\/10\/Surmer_Masque_creme_hydratant_4256_vgd_1920.jpg\" data-orig-size=\"1920,1280\" data-comments-opened=\"1\" data-image-meta=\"{&quot;aperture&quot;:&quot;0&quot;,&quot;credit&quot;:&quot;&quot;,&quot;camera&quot;:&quot;&quot;,&quot;caption&quot;:&quot;&quot;,&quot;created_timestamp&quot;:&quot;0&quot;,&quot;copyright&quot;:&quot;&quot;,&quot;focal_length&quot;:&quot;0&quot;,&quot;iso&quot;:&quot;0&quot;,&quot;shutter_speed&quot;:&quot;0&quot;,&quot;title&quot;:&quot;&quot;,&quot;orientation&quot;:&quot;0&quot;}\" data-image-title=\"\" data-image-description=\"\" data-image-caption=\"\" data-medium-file=\"https:\/\/xn--wunderschn-mcb.info\/wp-content\/uploads\/2015\/10\/Surmer_Masque_creme_hydratant_4256_vgd_1920-300x200.jpg\" data-large-file=\"https:\/\/xn--wunderschn-mcb.info\/wp-content\/uploads\/2015\/10\/Surmer_Masque_creme_hydratant_4256_vgd_1920-1024x683.jpg\" loading=\"lazy\" decoding=\"async\" class=\"alignnone wp-image-13 size-medium\" src=\"https:\/\/xn--wunderschn-mcb.info\/wp-content\/uploads\/2015\/10\/Surmer_Masque_creme_hydratant_4256_vgd_1920-300x200.jpg\" alt=\"\" width=\"300\" height=\"200\" srcset=\"https:\/\/xn--wunderschn-mcb.info\/wp-content\/uploads\/2015\/10\/Surmer_Masque_creme_hydratant_4256_vgd_1920-300x200.jpg 300w, https:\/\/xn--wunderschn-mcb.info\/wp-content\/uploads\/2015\/10\/Surmer_Masque_creme_hydratant_4256_vgd_1920-1024x683.jpg 1024w, https:\/\/xn--wunderschn-mcb.info\/wp-content\/uploads\/2015\/10\/Surmer_Masque_creme_hydratant_4256_vgd_1920.jpg 1920w\" sizes=\"auto, (max-width: 300px) 100vw, 300px\" \/><\/a><\/p>\n<h6><a href=\"https:\/\/xn--wunderschn-mcb.info\/?page_id=271\"><br \/>\nKOSMETIK<\/a><\/h6>\n<p>G\u00f6nnen Sie sich pure Entspannung und Wohlbefinden. Ich biete Ihnen von Kopf bis Fu\u00df Anwendungen und Programme zum Entspannen, Wohlf\u00fchlen und Pflegen. Sie finden bei mir moderne Behandlungsmethoden mit Ultraschall, ebenso wie schonende Naturkosmetik mit hochwertigen Pr\u00e4paraten und Produkten.<\/p>\n<p><span style=\"text-decoration: underline;\"><a href=\"https:\/\/wunderschoen-medical-beauty.salonized.com\/widget_bookings\/new\">Weiter zum Angebot...<\/a><\/span><\/p>\n<\/div>\n<\/div><\/div><\/div><\/div><div id=\"pgc-22-8-2\"  class=\"panel-grid-cell panel-grid-cell-mobile-last\" ><div id=\"panel-22-8-2-0\" class=\"so-panel widget widget_sow-editor panel-first-child panel-last-child\" data-index=\"8\" ><div style=\"text-align: left;\" data-title-color=\"#443f3f\" data-headings-color=\"#443f3f\" class=\"panel-widget-style panel-widget-style-for-22-8-2-0\" ><div\n\t\t\t\n\t\t\tclass=\"so-widget-sow-editor so-widget-sow-editor-base\"\n\t\t\t\n\t\t>\n<div class=\"siteorigin-widget-tinymce textwidget\">\n\t<p><a href=\"https:\/\/wundersch\u00f6n.info\/?page_id=534\"><img data-attachment-id=\"535\" data-permalink=\"https:\/\/xn--wunderschn-mcb.info\/?attachment_id=535\" data-orig-file=\"https:\/\/xn--wunderschn-mcb.info\/wp-content\/uploads\/2017\/08\/cnc-geraet_edit.jpg\" data-orig-size=\"1029,728\" data-comments-opened=\"0\" data-image-meta=\"{&quot;aperture&quot;:&quot;0&quot;,&quot;credit&quot;:&quot;&quot;,&quot;camera&quot;:&quot;&quot;,&quot;caption&quot;:&quot;&quot;,&quot;created_timestamp&quot;:&quot;0&quot;,&quot;copyright&quot;:&quot;&quot;,&quot;focal_length&quot;:&quot;0&quot;,&quot;iso&quot;:&quot;0&quot;,&quot;shutter_speed&quot;:&quot;0&quot;,&quot;title&quot;:&quot;&quot;,&quot;orientation&quot;:&quot;0&quot;}\" data-image-title=\"cnc geraet_edit\" data-image-description=\"\" data-image-caption=\"\" data-medium-file=\"https:\/\/xn--wunderschn-mcb.info\/wp-content\/uploads\/2017\/08\/cnc-geraet_edit-300x212.jpg\" data-large-file=\"https:\/\/xn--wunderschn-mcb.info\/wp-content\/uploads\/2017\/08\/cnc-geraet_edit-1024x724.jpg\" loading=\"lazy\" decoding=\"async\" class=\"alignnone wp-image-535\" src=\"https:\/\/xn--wunderschn-mcb.info\/wp-content\/uploads\/2017\/08\/cnc-geraet_edit-300x212.jpg\" alt=\"\" width=\"283\" height=\"200\" srcset=\"https:\/\/xn--wunderschn-mcb.info\/wp-content\/uploads\/2017\/08\/cnc-geraet_edit-300x212.jpg 300w, https:\/\/xn--wunderschn-mcb.info\/wp-content\/uploads\/2017\/08\/cnc-geraet_edit-1024x724.jpg 1024w, https:\/\/xn--wunderschn-mcb.info\/wp-content\/uploads\/2017\/08\/cnc-geraet_edit-830x587.jpg 830w, https:\/\/xn--wunderschn-mcb.info\/wp-content\/uploads\/2017\/08\/cnc-geraet_edit-230x163.jpg 230w, https:\/\/xn--wunderschn-mcb.info\/wp-content\/uploads\/2017\/08\/cnc-geraet_edit-350x248.jpg 350w, https:\/\/xn--wunderschn-mcb.info\/wp-content\/uploads\/2017\/08\/cnc-geraet_edit.jpg 1029w\" sizes=\"auto, (max-width: 283px) 100vw, 283px\" \/><\/a><\/p>\n<h6 style=\"text-align: left;\"><a href=\"https:\/\/xn--wunderschn-mcb.info\/?page_id=534\"><br \/>\nAPPARATIVE KOSMETIK<\/a><\/h6>\n<p style=\"text-align: left;\">Die\u00a0apparative Kosmetik\u00a0ist eine Weiterentwicklung der kosmetischen Behandlungen, durch \u00dcbernahme verschiedener medizintechnischer Verfahren. Die \u00fcbernommenen Technologien zeigen, dass sich im Rahmen der kosmetischen Anwendungen erstaunliche Erfolge erzielen lassen.<\/p>\n<p style=\"text-align: left;\"><span style=\"text-decoration: underline;\"><a href=\"https:\/\/xn--wunderschn-mcb.info\/?page_id=534\">Weitere Informationen...<\/a><\/span><\/p>\n<\/div>\n<\/div><\/div><\/div><\/div><div id=\"pgc-22-8-3\"  class=\"panel-grid-cell panel-grid-cell-empty\" ><\/div><\/div><\/div><div id=\"pg-22-9\"  class=\"panel-grid panel-has-style\" ><div style=\"padding: 26px 0; \" data-overlay=\"true\" class=\"panel-row-style panel-row-style-for-22-9\" ><div id=\"pgc-22-9-0\"  class=\"panel-grid-cell panel-grid-cell-empty\" ><\/div><\/div><\/div><div id=\"pg-22-10\"  class=\"panel-grid panel-has-style\" ><div style=\"padding: 0px 0; \" data-overlay=\"true\" class=\"panel-row-style panel-row-style-for-22-10\" ><div id=\"pgc-22-10-0\"  class=\"panel-grid-cell panel-grid-cell-empty\" ><\/div><div id=\"pgc-22-10-1\"  class=\"panel-grid-cell panel-grid-cell-mobile-last\" ><div id=\"panel-22-10-1-0\" class=\"so-panel widget widget_sow-editor panel-first-child panel-last-child\" data-index=\"9\" ><div style=\"text-align: left;\" data-title-color=\"#443f3f\" data-headings-color=\"#443f3f\" class=\"panel-widget-style panel-widget-style-for-22-10-1-0\" ><div\n\t\t\t\n\t\t\tclass=\"so-widget-sow-editor so-widget-sow-editor-base\"\n\t\t\t\n\t\t><h3 class=\"widget-title\">Bewertungen<\/h3>\n<div class=\"siteorigin-widget-tinymce textwidget\">\n\t<script src=\"https:\/\/cdn.salonized.com\/widget.js\" data-name=\"salonized\" data-microsite-url=\"https:\/\/wunderschoen-medical-beauty.salonized.com\"><\/script><div class=\"salonized-reviews\"><\/div><\/div>\n<\/div><\/div><\/div><\/div><div id=\"pgc-22-10-2\"  class=\"panel-grid-cell panel-grid-cell-empty\" ><\/div><\/div><\/div><div id=\"pg-22-11\"  class=\"panel-grid panel-has-style\" ><div style=\"padding: 26px 0; \" data-overlay=\"true\" class=\"panel-row-style panel-row-style-for-22-11\" ><div id=\"pgc-22-11-0\"  class=\"panel-grid-cell panel-grid-cell-empty\" ><\/div><\/div><\/div><\/div>","protected":false},"excerpt":{"rendered":"<p>Herzlich willkommen\u00a0bei WUNDERSCH\u00d6N Medical Beauty &amp; Wellness in Mechtersen. Tauchen Sie ein in die faszinierende Welt von Pflege und Sch\u00f6nheit.\u00a0Ich biete Ihnen [&hellip;]<\/p>\n","protected":false},"author":1,"featured_media":949,"parent":0,"menu_order":0,"comment_status":"closed","ping_status":"closed","template":"page-templates\/page_front-page.php","meta":{"footnotes":""},"class_list":["post-22","page","type-page","status-publish","has-post-thumbnail","hentry"],"jetpack_shortlink":"https:\/\/wp.me\/P6UnmH-m","jetpack_sharing_enabled":true,"_links":{"self":[{"href":"https:\/\/xn--wunderschn-mcb.info\/index.php?rest_route=\/wp\/v2\/pages\/22","targetHints":{"allow":["GET"]}}],"collection":[{"href":"https:\/\/xn--wunderschn-mcb.info\/index.php?rest_route=\/wp\/v2\/pages"}],"about":[{"href":"https:\/\/xn--wunderschn-mcb.info\/index.php?rest_route=\/wp\/v2\/types\/page"}],"author":[{"embeddable":true,"href":"https:\/\/xn--wunderschn-mcb.info\/index.php?rest_route=\/wp\/v2\/users\/1"}],"replies":[{"embeddable":true,"href":"https:\/\/xn--wunderschn-mcb.info\/index.php?rest_route=%2Fwp%2Fv2%2Fcomments&post=22"}],"version-history":[{"count":211,"href":"https:\/\/xn--wunderschn-mcb.info\/index.php?rest_route=\/wp\/v2\/pages\/22\/revisions"}],"predecessor-version":[{"id":1207,"href":"https:\/\/xn--wunderschn-mcb.info\/index.php?rest_route=\/wp\/v2\/pages\/22\/revisions\/1207"}],"wp:featuredmedia":[{"embeddable":true,"href":"https:\/\/xn--wunderschn-mcb.info\/index.php?rest_route=\/wp\/v2\/media\/949"}],"wp:attachment":[{"href":"https:\/\/xn--wunderschn-mcb.info\/index.php?rest_route=%2Fwp%2Fv2%2Fmedia&parent=22"}],"curies":[{"name":"wp","href":"https:\/\/api.w.org\/{rel}","templated":true}]}}