{"id":209,"date":"2015-11-01T22:14:04","date_gmt":"2015-11-01T21:14:04","guid":{"rendered":"http:\/\/xn--wunderschn-mcb.info\/?page_id=209"},"modified":"2025-04-24T16:31:50","modified_gmt":"2025-04-24T14:31:50","slug":"produkte","status":"publish","type":"page","link":"https:\/\/xn--wunderschn-mcb.info\/?page_id=209","title":{"rendered":"Produkte"},"content":{"rendered":"<div id=\"pl-209\"  class=\"panel-layout\" ><div id=\"pg-209-0\"  class=\"panel-grid panel-has-style\" ><div style=\"padding: 75px 0; \" data-overlay=\"true\" class=\"panel-row-style panel-row-style-for-209-0\" ><div id=\"pgc-209-0-0\"  class=\"panel-grid-cell panel-grid-cell-empty\" ><\/div><div id=\"pgc-209-0-1\"  class=\"panel-grid-cell panel-grid-cell-mobile-last\" ><div id=\"panel-209-0-1-0\" class=\"so-panel widget widget_sow-video panel-first-child\" data-index=\"0\" ><div style=\"text-align: left;\" data-title-color=\"#443f3f\" data-headings-color=\"#443f3f\" class=\"panel-widget-style panel-widget-style-for-209-0-1-0\" ><div\n\t\t\t\n\t\t\tclass=\"so-widget-sow-video so-widget-sow-video-default-c08170c47cfb-209\"\n\t\t\t\n\t\t><h3 class=\"widget-title\">Dr. Rimpler Cosmetics<\/h3>\n<div class=\"sow-video-wrapper\">\n\t\t\t<iframe loading=\"lazy\" title=\"Rimpler Cosmetics mit Isabelle Lancray und Dr. Rimpler Kosmetik\" width=\"1170\" height=\"658\" src=\"https:\/\/www.youtube.com\/embed\/WHwLdKjNFUQ?feature=oembed&enablejsapi=1\" frameborder=\"0\" allow=\"accelerometer; autoplay; clipboard-write; encrypted-media; gyroscope; picture-in-picture; web-share\" referrerpolicy=\"strict-origin-when-cross-origin\" allowfullscreen allowfullscreen mozallowfullscreen webkitallowfullscreen><\/iframe>\t<\/div>\n<\/div><\/div><\/div><div id=\"panel-209-0-1-1\" class=\"so-panel widget widget_sow-editor panel-last-child\" data-index=\"1\" ><div style=\"text-align: left;\" data-title-color=\"#443f3f\" data-headings-color=\"#443f3f\" class=\"panel-widget-style panel-widget-style-for-209-0-1-1\" ><div\n\t\t\t\n\t\t\tclass=\"so-widget-sow-editor so-widget-sow-editor-base\"\n\t\t\t\n\t\t>\n<div class=\"siteorigin-widget-tinymce textwidget\">\n\t<h5 style=\"text-align: center;\"><\/h5>\n<h5 style=\"text-align: center;\"><em>Tauchen Sie ein in die Welt der pflegenden Kosmetik<\/em><\/h5>\n<p style=\"text-align: center;\">Die Haut kann individuell und gezielt durch regelm\u00e4\u00dfige Pflege beeinflusst werden. So wird die nat\u00fcrliche Sch\u00f6nheit und Frische einer gepflegten Haut erhalten, unabh\u00e4ngig von Jugend und Alter.\u00a0Reinigung, Pflege und Schutz der Haut\u00a0orientieren sich am\u00a0aktuellen Hautzustand, der sich mit\u00a0der Auswahl der richtigen pflegenden Kosmetik optimal\u00a0beeinflussen l\u00e4sst.<\/p>\n<p style=\"text-align: center;\"><img data-attachment-id=\"6\" data-permalink=\"https:\/\/xn--wunderschn-mcb.info\/?attachment_id=6\" data-orig-file=\"https:\/\/xn--wunderschn-mcb.info\/wp-content\/uploads\/2015\/10\/Beaulift_Ilsa_pro_pour_lex_yeux_7833_vgd_1920.jpg\" data-orig-size=\"1920,1280\" data-comments-opened=\"1\" data-image-meta=\"{&quot;aperture&quot;:&quot;0&quot;,&quot;credit&quot;:&quot;&quot;,&quot;camera&quot;:&quot;&quot;,&quot;caption&quot;:&quot;&quot;,&quot;created_timestamp&quot;:&quot;0&quot;,&quot;copyright&quot;:&quot;&quot;,&quot;focal_length&quot;:&quot;0&quot;,&quot;iso&quot;:&quot;0&quot;,&quot;shutter_speed&quot;:&quot;0&quot;,&quot;title&quot;:&quot;&quot;,&quot;orientation&quot;:&quot;0&quot;}\" data-image-title=\"\" data-image-description=\"\" data-image-caption=\"\" data-medium-file=\"https:\/\/xn--wunderschn-mcb.info\/wp-content\/uploads\/2015\/10\/Beaulift_Ilsa_pro_pour_lex_yeux_7833_vgd_1920-300x200.jpg\" data-large-file=\"https:\/\/xn--wunderschn-mcb.info\/wp-content\/uploads\/2015\/10\/Beaulift_Ilsa_pro_pour_lex_yeux_7833_vgd_1920-1024x683.jpg\" loading=\"lazy\" decoding=\"async\" class=\"alignnone wp-image-6\" src=\"https:\/\/xn--wunderschn-mcb.info\/wp-content\/uploads\/2015\/10\/Beaulift_Ilsa_pro_pour_lex_yeux_7833_vgd_1920-300x200.jpg\" alt=\"\" width=\"200\" height=\"133\" srcset=\"https:\/\/xn--wunderschn-mcb.info\/wp-content\/uploads\/2015\/10\/Beaulift_Ilsa_pro_pour_lex_yeux_7833_vgd_1920-300x200.jpg 300w, https:\/\/xn--wunderschn-mcb.info\/wp-content\/uploads\/2015\/10\/Beaulift_Ilsa_pro_pour_lex_yeux_7833_vgd_1920-1024x683.jpg 1024w, https:\/\/xn--wunderschn-mcb.info\/wp-content\/uploads\/2015\/10\/Beaulift_Ilsa_pro_pour_lex_yeux_7833_vgd_1920.jpg 1920w\" sizes=\"auto, (max-width: 200px) 100vw, 200px\" \/>\u00a0 \u00a0 \u00a0<img data-attachment-id=\"13\" data-permalink=\"https:\/\/xn--wunderschn-mcb.info\/?attachment_id=13\" data-orig-file=\"https:\/\/xn--wunderschn-mcb.info\/wp-content\/uploads\/2015\/10\/Surmer_Masque_creme_hydratant_4256_vgd_1920.jpg\" data-orig-size=\"1920,1280\" data-comments-opened=\"1\" data-image-meta=\"{&quot;aperture&quot;:&quot;0&quot;,&quot;credit&quot;:&quot;&quot;,&quot;camera&quot;:&quot;&quot;,&quot;caption&quot;:&quot;&quot;,&quot;created_timestamp&quot;:&quot;0&quot;,&quot;copyright&quot;:&quot;&quot;,&quot;focal_length&quot;:&quot;0&quot;,&quot;iso&quot;:&quot;0&quot;,&quot;shutter_speed&quot;:&quot;0&quot;,&quot;title&quot;:&quot;&quot;,&quot;orientation&quot;:&quot;0&quot;}\" data-image-title=\"\" data-image-description=\"\" data-image-caption=\"\" data-medium-file=\"https:\/\/xn--wunderschn-mcb.info\/wp-content\/uploads\/2015\/10\/Surmer_Masque_creme_hydratant_4256_vgd_1920-300x200.jpg\" data-large-file=\"https:\/\/xn--wunderschn-mcb.info\/wp-content\/uploads\/2015\/10\/Surmer_Masque_creme_hydratant_4256_vgd_1920-1024x683.jpg\" loading=\"lazy\" decoding=\"async\" class=\"alignnone wp-image-13\" src=\"https:\/\/xn--wunderschn-mcb.info\/wp-content\/uploads\/2015\/10\/Surmer_Masque_creme_hydratant_4256_vgd_1920-300x200.jpg\" alt=\"\" width=\"200\" height=\"133\" srcset=\"https:\/\/xn--wunderschn-mcb.info\/wp-content\/uploads\/2015\/10\/Surmer_Masque_creme_hydratant_4256_vgd_1920-300x200.jpg 300w, https:\/\/xn--wunderschn-mcb.info\/wp-content\/uploads\/2015\/10\/Surmer_Masque_creme_hydratant_4256_vgd_1920-1024x683.jpg 1024w, https:\/\/xn--wunderschn-mcb.info\/wp-content\/uploads\/2015\/10\/Surmer_Masque_creme_hydratant_4256_vgd_1920.jpg 1920w\" sizes=\"auto, (max-width: 200px) 100vw, 200px\" \/>\u00a0 \u00a0 \u00a0<img data-attachment-id=\"5\" data-permalink=\"https:\/\/xn--wunderschn-mcb.info\/?attachment_id=5\" data-orig-file=\"https:\/\/xn--wunderschn-mcb.info\/wp-content\/uploads\/2015\/10\/Beaulift_Ilsa_pro_pour_le_cou_7761_vgd_1920.jpg\" data-orig-size=\"1920,1280\" data-comments-opened=\"1\" data-image-meta=\"{&quot;aperture&quot;:&quot;0&quot;,&quot;credit&quot;:&quot;&quot;,&quot;camera&quot;:&quot;&quot;,&quot;caption&quot;:&quot;&quot;,&quot;created_timestamp&quot;:&quot;0&quot;,&quot;copyright&quot;:&quot;&quot;,&quot;focal_length&quot;:&quot;0&quot;,&quot;iso&quot;:&quot;0&quot;,&quot;shutter_speed&quot;:&quot;0&quot;,&quot;title&quot;:&quot;&quot;,&quot;orientation&quot;:&quot;0&quot;}\" data-image-title=\"\" data-image-description=\"\" data-image-caption=\"\" data-medium-file=\"https:\/\/xn--wunderschn-mcb.info\/wp-content\/uploads\/2015\/10\/Beaulift_Ilsa_pro_pour_le_cou_7761_vgd_1920-300x200.jpg\" data-large-file=\"https:\/\/xn--wunderschn-mcb.info\/wp-content\/uploads\/2015\/10\/Beaulift_Ilsa_pro_pour_le_cou_7761_vgd_1920-1024x683.jpg\" loading=\"lazy\" decoding=\"async\" class=\"alignnone wp-image-5\" src=\"https:\/\/xn--wunderschn-mcb.info\/wp-content\/uploads\/2015\/10\/Beaulift_Ilsa_pro_pour_le_cou_7761_vgd_1920-300x200.jpg\" alt=\"\" width=\"200\" height=\"133\" srcset=\"https:\/\/xn--wunderschn-mcb.info\/wp-content\/uploads\/2015\/10\/Beaulift_Ilsa_pro_pour_le_cou_7761_vgd_1920-300x200.jpg 300w, https:\/\/xn--wunderschn-mcb.info\/wp-content\/uploads\/2015\/10\/Beaulift_Ilsa_pro_pour_le_cou_7761_vgd_1920-1024x683.jpg 1024w, https:\/\/xn--wunderschn-mcb.info\/wp-content\/uploads\/2015\/10\/Beaulift_Ilsa_pro_pour_le_cou_7761_vgd_1920.jpg 1920w\" sizes=\"auto, (max-width: 200px) 100vw, 200px\" \/><\/p>\n<p style=\"text-align: center;\">Tauchen Sie ein in die Welt der pflegenden Kosmetik aus sorgf\u00e4ltig ausgesuchten Naturstoffen in ihrer\u00a0ganzen Vielfalt. \u00dcberzeugen Sie sich von den innovativen Produkten\u00a0von <em><strong>Dr. Rimpler Cosmetics<\/strong><\/em> und\u00a0<em><strong>Isabelle Lancray Paris<\/strong><\/em>, die bei meinen\u00a0Behandlungen ausschlie\u00dflich Verwendung finden und die Sie\u00a0f\u00fcr die eigene Anwendung zu Hause auch bei mir k\u00e4uflich erwerben k\u00f6nnen.<\/p>\n<h1 style=\"text-align: center;\"><img data-attachment-id=\"220\" data-permalink=\"https:\/\/xn--wunderschn-mcb.info\/?attachment_id=220\" data-orig-file=\"https:\/\/xn--wunderschn-mcb.info\/wp-content\/uploads\/2015\/11\/Rimpler_black.png\" data-orig-size=\"240,158\" data-comments-opened=\"1\" data-image-meta=\"{&quot;aperture&quot;:&quot;0&quot;,&quot;credit&quot;:&quot;&quot;,&quot;camera&quot;:&quot;&quot;,&quot;caption&quot;:&quot;&quot;,&quot;created_timestamp&quot;:&quot;0&quot;,&quot;copyright&quot;:&quot;&quot;,&quot;focal_length&quot;:&quot;0&quot;,&quot;iso&quot;:&quot;0&quot;,&quot;shutter_speed&quot;:&quot;0&quot;,&quot;title&quot;:&quot;&quot;,&quot;orientation&quot;:&quot;0&quot;}\" data-image-title=\"Rimpler_black\" data-image-description=\"\" data-image-caption=\"\" data-medium-file=\"https:\/\/xn--wunderschn-mcb.info\/wp-content\/uploads\/2015\/11\/Rimpler_black.png\" data-large-file=\"https:\/\/xn--wunderschn-mcb.info\/wp-content\/uploads\/2015\/11\/Rimpler_black.png\" loading=\"lazy\" decoding=\"async\" class=\"alignnone wp-image-220 size-full\" src=\"https:\/\/xn--wunderschn-mcb.info\/wp-content\/uploads\/2015\/11\/Rimpler_black.png\" alt=\"Dr. Rimpler Logo\" width=\"240\" height=\"158\" srcset=\"https:\/\/xn--wunderschn-mcb.info\/wp-content\/uploads\/2015\/11\/Rimpler_black.png 240w, https:\/\/xn--wunderschn-mcb.info\/wp-content\/uploads\/2015\/11\/Rimpler_black-230x151.png 230w\" sizes=\"auto, (max-width: 240px) 100vw, 240px\" \/><\/h1>\n<h5 style=\"text-align: center;\"><em>Wissenschaft und Natur - eine\u00a0auf wissenschaftlicher und pflanzlicher Basis aufbauende moderne, hochwirksame Pflege<\/em><\/h5>\n<p style=\"text-align: center;\">Die Produktpalette der Dr. Rimpler Kosmetik umfasst mehrere\u00a0Produktlinien von leichter Pflege bis hin zu Produkten f\u00fcr den professionellen Einsatz.\u00a0Die geschmeidige Konsistenz der Dr. Rimpler Produkte\u00a0basiert auf einem zielgerichteten System von verschiedenen wertvollen \u00d6len, Fetten, Wachsen und ausgesuchten Emulgatoren, um die Mikroverteilung dieser\u00a0verschiedenen Phasen zu gew\u00e4hrleisten.\u00a0Die dezente Parf\u00fcmierung ist dermatologisch getestet und st\u00fctzt sich, ebenso wie die Konservierung, auf neueste wissenschaftliche Erkenntnisse, da bei Fragen der Vertr\u00e4glichkeit und Sicherheit keine\u00a0Kompromisse eingegangen werden d\u00fcrfen.<\/p>\n<p style=\"text-align: center;\"><img data-attachment-id=\"88\" data-permalink=\"https:\/\/xn--wunderschn-mcb.info\/?attachment_id=88\" data-orig-file=\"https:\/\/xn--wunderschn-mcb.info\/wp-content\/uploads\/2015\/10\/C_Gruppenbild.png\" data-orig-size=\"1200,362\" data-comments-opened=\"1\" data-image-meta=\"{&quot;aperture&quot;:&quot;0&quot;,&quot;credit&quot;:&quot;&quot;,&quot;camera&quot;:&quot;&quot;,&quot;caption&quot;:&quot;&quot;,&quot;created_timestamp&quot;:&quot;0&quot;,&quot;copyright&quot;:&quot;&quot;,&quot;focal_length&quot;:&quot;0&quot;,&quot;iso&quot;:&quot;0&quot;,&quot;shutter_speed&quot;:&quot;0&quot;,&quot;title&quot;:&quot;&quot;,&quot;orientation&quot;:&quot;0&quot;}\" data-image-title=\"C_Gruppenbild\" data-image-description=\"\" data-image-caption=\"\" data-medium-file=\"https:\/\/xn--wunderschn-mcb.info\/wp-content\/uploads\/2015\/10\/C_Gruppenbild-300x91.png\" data-large-file=\"https:\/\/xn--wunderschn-mcb.info\/wp-content\/uploads\/2015\/10\/C_Gruppenbild-1024x309.png\" loading=\"lazy\" decoding=\"async\" class=\"alignnone wp-image-88 size-medium\" src=\"https:\/\/xn--wunderschn-mcb.info\/wp-content\/uploads\/2015\/10\/C_Gruppenbild-300x91.png\" alt=\"Dr. Rimpler Cutanova Produktlinie\" width=\"300\" height=\"91\" srcset=\"https:\/\/xn--wunderschn-mcb.info\/wp-content\/uploads\/2015\/10\/C_Gruppenbild-300x91.png 300w, https:\/\/xn--wunderschn-mcb.info\/wp-content\/uploads\/2015\/10\/C_Gruppenbild-1024x309.png 1024w, https:\/\/xn--wunderschn-mcb.info\/wp-content\/uploads\/2015\/10\/C_Gruppenbild-830x250.png 830w, https:\/\/xn--wunderschn-mcb.info\/wp-content\/uploads\/2015\/10\/C_Gruppenbild-230x69.png 230w, https:\/\/xn--wunderschn-mcb.info\/wp-content\/uploads\/2015\/10\/C_Gruppenbild-350x106.png 350w, https:\/\/xn--wunderschn-mcb.info\/wp-content\/uploads\/2015\/10\/C_Gruppenbild.png 1200w\" sizes=\"auto, (max-width: 300px) 100vw, 300px\" \/><\/p>\n<p style=\"text-align: center;\">\n<h1 style=\"text-align: center;\"><img data-attachment-id=\"218\" data-permalink=\"https:\/\/xn--wunderschn-mcb.info\/?attachment_id=218\" data-orig-file=\"https:\/\/xn--wunderschn-mcb.info\/wp-content\/uploads\/2015\/11\/IL_Logo_schwarz_klein.png\" data-orig-size=\"276,182\" data-comments-opened=\"1\" data-image-meta=\"{&quot;aperture&quot;:&quot;0&quot;,&quot;credit&quot;:&quot;&quot;,&quot;camera&quot;:&quot;&quot;,&quot;caption&quot;:&quot;&quot;,&quot;created_timestamp&quot;:&quot;0&quot;,&quot;copyright&quot;:&quot;&quot;,&quot;focal_length&quot;:&quot;0&quot;,&quot;iso&quot;:&quot;0&quot;,&quot;shutter_speed&quot;:&quot;0&quot;,&quot;title&quot;:&quot;&quot;,&quot;orientation&quot;:&quot;0&quot;}\" data-image-title=\"IL_Logo_schwarz_klein\" data-image-description=\"\" data-image-caption=\"\" data-medium-file=\"https:\/\/xn--wunderschn-mcb.info\/wp-content\/uploads\/2015\/11\/IL_Logo_schwarz_klein.png\" data-large-file=\"https:\/\/xn--wunderschn-mcb.info\/wp-content\/uploads\/2015\/11\/IL_Logo_schwarz_klein.png\" loading=\"lazy\" decoding=\"async\" class=\"alignnone wp-image-218\" src=\"https:\/\/xn--wunderschn-mcb.info\/wp-content\/uploads\/2015\/11\/IL_Logo_schwarz_klein.png\" alt=\"Isabelle Lancray Paris Logo\" width=\"240\" height=\"158\" srcset=\"https:\/\/xn--wunderschn-mcb.info\/wp-content\/uploads\/2015\/11\/IL_Logo_schwarz_klein.png 276w, https:\/\/xn--wunderschn-mcb.info\/wp-content\/uploads\/2015\/11\/IL_Logo_schwarz_klein-230x152.png 230w\" sizes=\"auto, (max-width: 240px) 100vw, 240px\" \/><\/h1>\n<h5 style=\"text-align: center;\"><em>Die ganze Welt der Pflege<\/em><\/h5>\n<\/p>\n<p style=\"text-align: center;\">Die ausgereifte Pflege-Welt der Marke Isabelle Lancray Paris bietet exklusive Produktlinien, die gezielt auf die wirksame und wohltuende Pflege aller Hautzust\u00e4nde ausgerichtet sind: von der systematischen Liposomen- und Feuchtigkeitspflege bis zur reichhaltigen Vitaminversorgung. Von exotischen Pflege- und Balance-Produkten bis zu wahrhaft vision\u00e4ren Anti-Aging-Formulaturen. In allen Linien wirken wertvolle biointelligente Rohstoffe aus der ganzen Welt, die mithilfe wissenschaftlicher Forschung und modernster Technologie ihr raffiniertes Pflegepotenzial f\u00fcr die Haut entfalten.<\/p>\n<p style=\"text-align: center;\"><img data-attachment-id=\"225\" data-permalink=\"https:\/\/xn--wunderschn-mcb.info\/?attachment_id=225\" data-orig-file=\"https:\/\/xn--wunderschn-mcb.info\/wp-content\/uploads\/2015\/11\/isabelle-lancray-surmer.jpg\" data-orig-size=\"720,310\" data-comments-opened=\"1\" data-image-meta=\"{&quot;aperture&quot;:&quot;0&quot;,&quot;credit&quot;:&quot;&quot;,&quot;camera&quot;:&quot;&quot;,&quot;caption&quot;:&quot;&quot;,&quot;created_timestamp&quot;:&quot;0&quot;,&quot;copyright&quot;:&quot;&quot;,&quot;focal_length&quot;:&quot;0&quot;,&quot;iso&quot;:&quot;0&quot;,&quot;shutter_speed&quot;:&quot;0&quot;,&quot;title&quot;:&quot;&quot;,&quot;orientation&quot;:&quot;0&quot;}\" data-image-title=\"isabelle-lancray-surmer\" data-image-description=\"\" data-image-caption=\"\" data-medium-file=\"https:\/\/xn--wunderschn-mcb.info\/wp-content\/uploads\/2015\/11\/isabelle-lancray-surmer-300x129.jpg\" data-large-file=\"https:\/\/xn--wunderschn-mcb.info\/wp-content\/uploads\/2015\/11\/isabelle-lancray-surmer.jpg\" loading=\"lazy\" decoding=\"async\" class=\"alignnone wp-image-225 size-medium\" src=\"https:\/\/xn--wunderschn-mcb.info\/wp-content\/uploads\/2015\/11\/isabelle-lancray-surmer-300x129.jpg\" alt=\"Isabelle Lancray Surmer Produktlinie\" width=\"300\" height=\"129\" srcset=\"https:\/\/xn--wunderschn-mcb.info\/wp-content\/uploads\/2015\/11\/isabelle-lancray-surmer-300x129.jpg 300w, https:\/\/xn--wunderschn-mcb.info\/wp-content\/uploads\/2015\/11\/isabelle-lancray-surmer-230x99.jpg 230w, https:\/\/xn--wunderschn-mcb.info\/wp-content\/uploads\/2015\/11\/isabelle-lancray-surmer-350x151.jpg 350w, https:\/\/xn--wunderschn-mcb.info\/wp-content\/uploads\/2015\/11\/isabelle-lancray-surmer.jpg 720w\" sizes=\"auto, (max-width: 300px) 100vw, 300px\" \/><\/p>\n<p style=\"text-align: center;\">\n<\/div>\n<\/div><\/div><\/div><\/div><div id=\"pgc-209-0-2\"  class=\"panel-grid-cell panel-grid-cell-empty\" ><\/div><\/div><\/div><\/div>","protected":false},"excerpt":{"rendered":"<p>Tauchen Sie ein in die Welt der pflegenden Kosmetik Die Haut kann individuell und gezielt durch regelm\u00e4\u00dfige Pflege beeinflusst werden. So wird [&hellip;]<\/p>\n","protected":false},"author":1,"featured_media":0,"parent":0,"menu_order":0,"comment_status":"closed","ping_status":"closed","template":"page-templates\/page_front-page.php","meta":{"footnotes":""},"class_list":["post-209","page","type-page","status-publish","hentry"],"jetpack_shortlink":"https:\/\/wp.me\/P6UnmH-3n","jetpack_sharing_enabled":true,"_links":{"self":[{"href":"https:\/\/xn--wunderschn-mcb.info\/index.php?rest_route=\/wp\/v2\/pages\/209","targetHints":{"allow":["GET"]}}],"collection":[{"href":"https:\/\/xn--wunderschn-mcb.info\/index.php?rest_route=\/wp\/v2\/pages"}],"about":[{"href":"https:\/\/xn--wunderschn-mcb.info\/index.php?rest_route=\/wp\/v2\/types\/page"}],"author":[{"embeddable":true,"href":"https:\/\/xn--wunderschn-mcb.info\/index.php?rest_route=\/wp\/v2\/users\/1"}],"replies":[{"embeddable":true,"href":"https:\/\/xn--wunderschn-mcb.info\/index.php?rest_route=%2Fwp%2Fv2%2Fcomments&post=209"}],"version-history":[{"count":30,"href":"https:\/\/xn--wunderschn-mcb.info\/index.php?rest_route=\/wp\/v2\/pages\/209\/revisions"}],"predecessor-version":[{"id":1196,"href":"https:\/\/xn--wunderschn-mcb.info\/index.php?rest_route=\/wp\/v2\/pages\/209\/revisions\/1196"}],"wp:attachment":[{"href":"https:\/\/xn--wunderschn-mcb.info\/index.php?rest_route=%2Fwp%2Fv2%2Fmedia&parent=209"}],"curies":[{"name":"wp","href":"https:\/\/api.w.org\/{rel}","templated":true}]}}